{"id":3892,"date":"2020-09-20T18:59:51","date_gmt":"2020-09-20T16:59:51","guid":{"rendered":"http:\/\/domainedeghanna.be\/?page_id=3892"},"modified":"2024-09-16T09:11:24","modified_gmt":"2024-09-16T07:11:24","slug":"programme","status":"publish","type":"page","link":"https:\/\/domainedeghanna.be\/index.php\/programme\/","title":{"rendered":"Programme"},"content":{"rendered":"<h2><span style=\"color: #99cc00;\">Vous \u00eates pr\u00eats \u00e0 vivre des moments inoubliables?<\/span><\/h2>\n<h5>Limit\u00e9 \u00e0 10 participants !<br \/>Les chiens doivent \u00eatre \u00e2g\u00e9 de minimum 12 mois et sociable<\/h5>\n<h2><span style=\"color: #99cc00;\">Intervenants :<\/span><\/h2>\n<h5><span style=\"color: #99cc00;\">Boostels Megan :<\/span><br \/>Co-responsable du Domaine de Ghanna, \u00e9ducateur canin sp\u00e9cialis\u00e9 en r\u00e9\u00e9ducation comportementale et en clicker training<br data-rich-text-line-break=\"true\" \/>Formatrice de chiens destin\u00e9s \u00e0 la m\u00e9diation animale<br \/>\u00c9leveuse de bouvier des Flandres<\/h5>\n\n\n<div class=\"wp-block-media-text alignwide is-stacked-on-mobile\"><figure class=\"wp-block-media-text__media\"><video controls src=\"http:\/\/domainedeghanna.be\/wp-content\/uploads\/2020\/09\/10000000_141372470987433_2757686713583257932_n.mp4\"><\/video><\/figure><div class=\"wp-block-media-text__content\">\n<p class=\"has-large-font-size\">Pr\u00e9parez-vous et vivez une aventure unique !<\/p>\n<\/div><\/div>\n\n\n<h2 class=\"o9v6fnle cxmmr5t8 oygrvhab hcukyx3x c1et5uql\"><span style=\"color: #99cc00;\"><br \/>Programme :<\/span><\/h2>\n<h4 class=\"o9v6fnle cxmmr5t8 oygrvhab hcukyx3x c1et5uql\"><span style=\"color: #99cc00;\">Lundi :<\/span><\/h4>\n<h5 class=\"o9v6fnle cxmmr5t8 oygrvhab hcukyx3x c1et5uql\">10h \u2013 11h : Pr\u00e9sentation des intervenants, du camp, du groupe et informations pratiques<br \/>11h \u2013 12h : Exercices et jeux pour d\u00e9finir les niveaux d\u2019ob\u00e9issance et constituer les groupes<br \/>12h \u2013 13h30 : Pause de midi<br \/>13h30 \u2013 14h30 : Atelier th\u00e9orique : Le Clicker Training<br \/>14h30 \u2013 15h30 : Atelier th\u00e9orique : Le Hoopers Agility<br \/>15h30 \u2013 16H : Pause<br \/>16h \u2013 17h : Atelier pratique : Focus, attention et contr\u00f4le de l\u2019environnement<br \/>17h00 \u2013 18h00 : Les tricks de base pour le Hoopers Agility<\/h5>\n<h4 class=\"o9v6fnle cxmmr5t8 oygrvhab hcukyx3x c1et5uql\"><span style=\"color: #99cc00;\">Mardi :<\/span><\/h4>\n<h5 class=\"o9v6fnle cxmmr5t8 oygrvhab hcukyx3x c1et5uql\">10h \u2013 11h : Dog Games<br \/>11h \u2013 12h : Le jeu des stations<br \/>12h \u2013 13h30 : Pause de midi<br \/>13h \u2013 14h30 : Atelier th\u00e9orique : Qu\u2019est-ce que l\u2019ost\u00e9opathie ?<br \/>14h30 \u2013 15h30 : Atelier th\u00e9orique : Le canicross, canimarche et le canivtt<br \/>15h30 \u2013 16H : Pause + possibilit\u00e9 d&rsquo;essayer\/acheter le mat\u00e9riel pour la canimarche\/canicross\/canivtt<br \/>16h \u2013 16h30 : Atelier pratique sur les \u00e9chauffements avec notre ost\u00e9opathe<br \/>16h30 \u2013 17h30 : Hoopers Agility ou Fun&amp;Tricks (Division des groupes)<br \/>17h30 -18h00 : Atelier pratique sur les \u00e9tirements avec notre ost\u00e9opathe<\/h5>\n<h4 class=\"o9v6fnle cxmmr5t8 oygrvhab hcukyx3x c1et5uql\"><span style=\"color: #99cc00;\">Mercredi :<\/span><\/h4>\n<h5 class=\"o9v6fnle cxmmr5t8 oygrvhab hcukyx3x c1et5uql\">10h \u2013 11h : Dog Games<br \/>11h \u2013 12h : Hoopers Agility ou Fun&amp;Tricks (Division des groupes)<br \/>12h \u2013 13h30 : Pause de midi<br \/>13h \u2013 14h30 : Atelier th\u00e9orique : les diff\u00e9rents besoins du chien<br \/>14h30 \u2013 15h30 : Confectionner son jouet de travail<br \/>15h30 \u2013 16H : Pause<br \/>16h \u2013 17h00 : Des jeux de flair !<br \/>17h -18h : Bassin naturel ou cours collectif d\u2019ob\u00e9issance (division des groupes)<\/h5>\n<h4 class=\"o9v6fnle cxmmr5t8 oygrvhab hcukyx3x c1et5uql\"><span style=\"color: #99cc00;\">Jeudi :<\/span><\/h4>\n<h5 class=\"o9v6fnle cxmmr5t8 oygrvhab hcukyx3x c1et5uql\">08h \u2013 10h : Initiation \u00e0 la canimarche<br \/>10h \u2013 11h : Dog games<br \/>11h \u2013 12h : Des jeux de flair !<br \/>12h \u2013 13h30 : Pause de midi<br \/>13h \u2013 14h30 : Atelier th\u00e9orique : apprendre \u00e0 mon chien \u00e0 ne pas tirer et rappel !<br \/>14h30 \u2013 15h30 : Chasse aux friandises !<br \/>15h30 \u2013 16H : Pause<br \/>16h \u2013 17h : Pratique : Apprendre \u00e0 mon chien \u00e0 ne pas tirer et rappel<br \/>17h &#8211; 18h : Bassin naturel ou cours collectif d\u2019ob\u00e9issance (division des groupes)<\/h5>\n<h4 class=\"o9v6fnle cxmmr5t8 oygrvhab hcukyx3x c1et5uql\"><span style=\"color: #99cc00;\">Vendredi :<\/span><\/h4>\n<h5 class=\"o9v6fnle cxmmr5t8 oygrvhab hcukyx3x c1et5uql\">08h \u2013 10h : Initiation au Canicross<br \/>10h \u2013 11h : Dog Games<br \/>11h \u2013 12h : Dog dancing<br \/>12h \u2013 13h30 : Pause de midi<br \/>13h \u2013 14h30 : Atelier th\u00e9orique : Le rapport d\u2019objet et la discrimination d\u2019objets<br \/>14h30 \u2013 15h30 : Bassin naturel ou Confectionner un jeu de r\u00e9flexion (Division des groupes)<br \/>15h30 \u2013 16H : Pause<br \/>16h \u2013 17h : Pratique : Le rapport d\u2019objet<br \/>17h \u2013 18h : Pratique : Discrimination d\u2019objets<\/h5>\n<h4 class=\"o9v6fnle cxmmr5t8 oygrvhab hcukyx3x c1et5uql\"><span style=\"color: #99cc00;\">Samedi :<\/span><\/h4>\n<h5 class=\"o9v6fnle cxmmr5t8 oygrvhab hcukyx3x c1et5uql\">08h \u2013 10h : Initiation au canivtt (sous r\u00e9serve et selon la demande)<br \/>10h \u2013 11h : Dog Games<br \/>11h \u2013 12h : Dog dancing<br \/>12h \u2013 13h30 : Pause de midi<br \/>13h \u2013 14h30 : Th\u00e9orique : Pr\u00e9vention des morsures<br \/>14h30 \u2013 15h30 : Bassin naturel ou Confectionner un jeu de r\u00e9flexion (Division des groupes)<br \/>15h30 \u2013 16H : Pause<br \/>16h00 \u2013 17h00 : Dog Quizz!<br \/>17h00 -18h00 : On se dit au revoir !<\/h5>\n<div class=\"o9v6fnle cxmmr5t8 oygrvhab hcukyx3x c1et5uql\"><span style=\"color: #99cc00;\">Le programme peut \u00eatre soumis \u00e0 modification selon les niveaux et les demandes.<\/span><\/div>\n<div>\u00a0<\/div>\n<h2 class=\"o9v6fnle cxmmr5t8 oygrvhab hcukyx3x c1et5uql\">SAMEDI SOIR &#8211; APERO CANIN pour toute notre client\u00e8le : Musique, Cocktails &amp; Barbecue !<\/h2>","protected":false},"excerpt":{"rendered":"<p>Vous \u00eates pr\u00eats \u00e0 vivre des moments inoubliables? Limit\u00e9 \u00e0 10 participants !Les chiens doivent \u00eatre \u00e2g\u00e9 de minimum 12 &hellip; <\/p>\n","protected":false},"author":2,"featured_media":0,"parent":0,"menu_order":0,"comment_status":"closed","ping_status":"closed","template":"","meta":{"footnotes":""},"class_list":["post-3892","page","type-page","status-publish","hentry"],"_links":{"self":[{"href":"https:\/\/domainedeghanna.be\/index.php\/wp-json\/wp\/v2\/pages\/3892","targetHints":{"allow":["GET"]}}],"collection":[{"href":"https:\/\/domainedeghanna.be\/index.php\/wp-json\/wp\/v2\/pages"}],"about":[{"href":"https:\/\/domainedeghanna.be\/index.php\/wp-json\/wp\/v2\/types\/page"}],"author":[{"embeddable":true,"href":"https:\/\/domainedeghanna.be\/index.php\/wp-json\/wp\/v2\/users\/2"}],"replies":[{"embeddable":true,"href":"https:\/\/domainedeghanna.be\/index.php\/wp-json\/wp\/v2\/comments?post=3892"}],"version-history":[{"count":6,"href":"https:\/\/domainedeghanna.be\/index.php\/wp-json\/wp\/v2\/pages\/3892\/revisions"}],"predecessor-version":[{"id":4433,"href":"https:\/\/domainedeghanna.be\/index.php\/wp-json\/wp\/v2\/pages\/3892\/revisions\/4433"}],"wp:attachment":[{"href":"https:\/\/domainedeghanna.be\/index.php\/wp-json\/wp\/v2\/media?parent=3892"}],"curies":[{"name":"wp","href":"https:\/\/api.w.org\/{rel}","templated":true}]}}