{"id":3888,"date":"2020-09-20T18:59:50","date_gmt":"2020-09-20T16:59:50","guid":{"rendered":"http:\/\/domainedeghanna.be\/?page_id=3888"},"modified":"2020-09-21T11:43:33","modified_gmt":"2020-09-21T09:43:33","slug":"horaires-tarifs-3","status":"publish","type":"page","link":"https:\/\/domainedeghanna.be\/index.php\/horaires-tarifs-3\/","title":{"rendered":"Horaires &#038; Tarifs"},"content":{"rendered":"<h3><span style=\"color: #a4d46e;\"><strong><span style=\"color: #99cc00;\">Les entra\u00eenements :<\/span><br \/>\n<\/strong><\/span><\/h3>\n<h5>1 \u00e0 2x semaine (en fonction du nombre de participants).<br \/>\nLes entra\u00eenements se feront sur des boucles d\u20191 \u00e0 2km en for\u00eat.<\/h5>\n<h5>Les entra\u00eenements auront lieu dans diff\u00e9rentes for\u00eats de la r\u00e9gion (Bois de Grand-Leez, Bois de Malonne, Carri\u00e8re de Beez, Bois de Villers-la-Ville,\u2026).<br \/>\n<em>Merci de nous informer de votre pr\u00e9sence 48h \u00e0 l&rsquo;avance<\/em><\/h5>\n<h3><span style=\"color: #99cc00;\"><strong>Les horaires :<\/strong><\/span><\/h3>\n<h5><span style=\"font-size: 18px;\">Pour \u00eatre tenu inform\u00e9 des entra\u00eenements, cliquez<\/span><span style=\"font-size: 18px;\">\u00a0<\/span><a style=\"font-size: 18px;\" href=\"https:\/\/www.facebook.com\/canicrossforfun\/\">ICI\u00a0<\/a><span style=\"font-size: 18px;\">!<\/span><\/h5>\n<h5>\/!\\ Pas lors de fortes chaleurs.<\/h5>\n<h3><span style=\"color: #99cc00;\"><strong>Les vaccins :<\/strong><\/span><\/h3>\n<h5>Pour la s\u00e9curit\u00e9 de votre chien, il sera vaccin\u00e9 contre la maladie de Carr\u00e9, l&rsquo;h\u00e9patite virale, la leptospirose, la parvovirose.<br \/>\nLe vaccin contre la toux du chenil est conseill\u00e9.<\/h5>\n<h3><strong><span style=\"color: #99cc00;\">Les formalit\u00e9s :<\/span><\/strong><\/h3>\n<div class=\"o9v6fnle cxmmr5t8 oygrvhab hcukyx3x c1et5uql ii04i59q\">\n<h5 dir=\"auto\">Cotisation annuelle de 60\u20ac ce qui vous permet de b\u00e9n\u00e9ficier de 2\u20ac la s\u00e9ance, et je tiendrai un registre pour les personnes souhaitant prendre un abonnement 10+1 (20\u20ac).<\/h5>\n<\/div>\n<div class=\"o9v6fnle cxmmr5t8 oygrvhab hcukyx3x c1et5uql ii04i59q\">\n<h5 dir=\"auto\">Sinon le prix est de 5\u20ac la s\u00e9ance.<\/h5>\n<\/div>\n","protected":false},"excerpt":{"rendered":"<p>Les entra\u00eenements : 1 \u00e0 2x semaine (en fonction du nombre de participants). Les entra\u00eenements se feront sur des boucles &hellip; <\/p>\n","protected":false},"author":2,"featured_media":0,"parent":0,"menu_order":0,"comment_status":"closed","ping_status":"closed","template":"","meta":{"footnotes":""},"class_list":["post-3888","page","type-page","status-publish","hentry"],"_links":{"self":[{"href":"https:\/\/domainedeghanna.be\/index.php\/wp-json\/wp\/v2\/pages\/3888","targetHints":{"allow":["GET"]}}],"collection":[{"href":"https:\/\/domainedeghanna.be\/index.php\/wp-json\/wp\/v2\/pages"}],"about":[{"href":"https:\/\/domainedeghanna.be\/index.php\/wp-json\/wp\/v2\/types\/page"}],"author":[{"embeddable":true,"href":"https:\/\/domainedeghanna.be\/index.php\/wp-json\/wp\/v2\/users\/2"}],"replies":[{"embeddable":true,"href":"https:\/\/domainedeghanna.be\/index.php\/wp-json\/wp\/v2\/comments?post=3888"}],"version-history":[{"count":2,"href":"https:\/\/domainedeghanna.be\/index.php\/wp-json\/wp\/v2\/pages\/3888\/revisions"}],"predecessor-version":[{"id":4014,"href":"https:\/\/domainedeghanna.be\/index.php\/wp-json\/wp\/v2\/pages\/3888\/revisions\/4014"}],"wp:attachment":[{"href":"https:\/\/domainedeghanna.be\/index.php\/wp-json\/wp\/v2\/media?parent=3888"}],"curies":[{"name":"wp","href":"https:\/\/api.w.org\/{rel}","templated":true}]}}