{"id":3865,"date":"2020-09-20T18:45:59","date_gmt":"2020-09-20T16:45:59","guid":{"rendered":"http:\/\/domainedeghanna.be\/?page_id=3865"},"modified":"2022-12-11T16:36:21","modified_gmt":"2022-12-11T15:36:21","slug":"horaires-tarifs-2","status":"publish","type":"page","link":"https:\/\/domainedeghanna.be\/index.php\/horaires-tarifs-2\/","title":{"rendered":"Horaires &#038; Tarifs"},"content":{"rendered":"<h2><span style=\"color: #99cc00;\">Horaires<\/span><\/h2>\n\n\n<figure class=\"wp-block-table is-style-stripes\"><table><thead><tr><th>S\u00e9ances<\/th><th class=\"has-text-align-center\" data-align=\"center\">Lundi<\/th><th class=\"has-text-align-center\" data-align=\"center\">Mardi<\/th><th class=\"has-text-align-center\" data-align=\"center\">Mercredi<\/th><th class=\"has-text-align-center\" data-align=\"center\">Jeudi<\/th><th class=\"has-text-align-center\" data-align=\"center\">Vendredi<\/th><th class=\"has-text-align-center\" data-align=\"center\">Samedi<\/th><th class=\"has-text-align-center\" data-align=\"center\">Dimanche<\/th><\/tr><\/thead><tbody><tr><td><br><\/td><td class=\"has-text-align-center\" data-align=\"center\"><\/td><td class=\"has-text-align-center\" data-align=\"center\"><\/td><td class=\"has-text-align-center\" data-align=\"center\"><\/td><td class=\"has-text-align-center\" data-align=\"center\"><\/td><td class=\"has-text-align-center\" data-align=\"center\"><\/td><td class=\"has-text-align-center\" data-align=\"center\"><\/td><td class=\"has-text-align-center\" data-align=\"center\"><\/td><\/tr><tr><td>S\u00e9ances individuelles<\/td><td class=\"has-text-align-center\" data-align=\"center\">9h00  \u00e0 20h00<\/td><td class=\"has-text-align-center\" data-align=\"center\">\/<\/td><td class=\"has-text-align-center\" data-align=\"center\">9h00 \u00e0  16h30<\/td><td class=\"has-text-align-center\" data-align=\"center\">9h00  \u00e0 17h00<\/td><td class=\"has-text-align-center\" data-align=\"center\">9h00 \u00e0 18h00<\/td><td class=\"has-text-align-center\" data-align=\"center\">14h00 \u00e0 16h00<\/td><td class=\"has-text-align-center\" data-align=\"center\">\/<\/td><\/tr><tr><td><br><\/td><td class=\"has-text-align-center\" data-align=\"center\"><\/td><td class=\"has-text-align-center\" data-align=\"center\"><\/td><td class=\"has-text-align-center\" data-align=\"center\"><\/td><td class=\"has-text-align-center\" data-align=\"center\"><\/td><td class=\"has-text-align-center\" data-align=\"center\"><\/td><td class=\"has-text-align-center\" data-align=\"center\"><\/td><td class=\"has-text-align-center\" data-align=\"center\"><\/td><\/tr><\/tbody><\/table><\/figure>\n\n\n<h5>&nbsp;<\/h5>\n<h2><span style=\"color: #99cc00;\">Tarifs<\/span><\/h2>\n\n\n<figure class=\"wp-block-table is-style-stripes\"><table><thead><tr><th class=\"has-text-align-center\" data-align=\"center\">S\u00e9ances<\/th><th class=\"has-text-align-center\" data-align=\"center\">Membre<\/th><th class=\"has-text-align-center\" data-align=\"center\">Non-membre<\/th><\/tr><\/thead><tbody><tr><td class=\"has-text-align-center\" data-align=\"center\"><\/td><td class=\"has-text-align-center\" data-align=\"center\"><\/td><td class=\"has-text-align-center\" data-align=\"center\"><\/td><\/tr><tr><td class=\"has-text-align-center\" data-align=\"center\"><strong>S\u00e9ance individuelle<br>Hoopers Agility<\/strong><br>&nbsp;<\/td><td class=\"has-text-align-center\" data-align=\"center\">S\u00e9ance de 30min : 20\u20ac<br>&nbsp;<\/td><td class=\"has-text-align-center\" data-align=\"center\">S\u00e9ance de 30min : 40\u20ac<br>&nbsp;<\/td><\/tr><tr><td class=\"has-text-align-center\" data-align=\"center\"><\/td><td class=\"has-text-align-center\" data-align=\"center\"><\/td><td class=\"has-text-align-center\" data-align=\"center\"><\/td><\/tr><\/tbody><\/table><\/figure>\n\n\n<p>\u00a0<\/p>\n<h3><strong><span style=\"color: #99cc00;\">Comment devenir membre?<\/span><br \/><\/strong><\/h3>\n<h5>Pour devenir membre, un cotisation de 60 euros vous sera demand\u00e9e.<br \/>Les ann\u00e9es suivantes, la cotisation ne s\u2019\u00e9l\u00e8vera plus qu\u2019a 50 euros.<\/h5>\n<h3><span style=\"color: #99cc00;\">Quels sont les avantages \u00e0 devenir membre ?<\/span><\/h3>\n<h5>\u2013 Tarifs r\u00e9duits sur les s\u00e9ances individuelles et les s\u00e9ances collectives<\/h5>\n<h5>\u2013 10% de r\u00e9duction sur les accessoires et 7% sur la nourriture pour chiens dans les Poils&amp;Plumes de la r\u00e9gion !\u00a0<\/h5>\n<h5>\u2013 10 euros de r\u00e9duction sur une s\u00e9ance dans notre bassin naturel<\/h5>\n<h5>\u2013 Tarifs r\u00e9duits sur les s\u00e9jours en pension\u00a0<\/h5>\n<h5>\u2013 10% de r\u00e9duction chez Wentho Canicorner (mat\u00e9riel pour le sport canin)<\/h5>","protected":false},"excerpt":{"rendered":"<p>Horaires S\u00e9ances Lundi Mardi Mercredi Jeudi Vendredi Samedi Dimanche S\u00e9ances individuelles 9h00 \u00e0 20h00 \/ 9h00 \u00e0 16h30 9h00 \u00e0 &hellip; <\/p>\n","protected":false},"author":2,"featured_media":0,"parent":0,"menu_order":0,"comment_status":"closed","ping_status":"closed","template":"","meta":{"footnotes":""},"class_list":["post-3865","page","type-page","status-publish","hentry"],"_links":{"self":[{"href":"https:\/\/domainedeghanna.be\/index.php\/wp-json\/wp\/v2\/pages\/3865","targetHints":{"allow":["GET"]}}],"collection":[{"href":"https:\/\/domainedeghanna.be\/index.php\/wp-json\/wp\/v2\/pages"}],"about":[{"href":"https:\/\/domainedeghanna.be\/index.php\/wp-json\/wp\/v2\/types\/page"}],"author":[{"embeddable":true,"href":"https:\/\/domainedeghanna.be\/index.php\/wp-json\/wp\/v2\/users\/2"}],"replies":[{"embeddable":true,"href":"https:\/\/domainedeghanna.be\/index.php\/wp-json\/wp\/v2\/comments?post=3865"}],"version-history":[{"count":11,"href":"https:\/\/domainedeghanna.be\/index.php\/wp-json\/wp\/v2\/pages\/3865\/revisions"}],"predecessor-version":[{"id":4300,"href":"https:\/\/domainedeghanna.be\/index.php\/wp-json\/wp\/v2\/pages\/3865\/revisions\/4300"}],"wp:attachment":[{"href":"https:\/\/domainedeghanna.be\/index.php\/wp-json\/wp\/v2\/media?parent=3865"}],"curies":[{"name":"wp","href":"https:\/\/api.w.org\/{rel}","templated":true}]}}