{"id":3635,"date":"2020-09-19T17:51:00","date_gmt":"2020-09-19T15:51:00","guid":{"rendered":"http:\/\/domainedeghanna.be\/?page_id=3635"},"modified":"2025-09-10T15:38:54","modified_gmt":"2025-09-10T13:38:54","slug":"mediation-animale","status":"publish","type":"page","link":"https:\/\/domainedeghanna.be\/index.php\/mediation-animale\/","title":{"rendered":"Formation d&rsquo;un chien destin\u00e9 \u00e0 la m\u00e9diation animale"},"content":{"rendered":"\n<p><\/p>\n\n\n\n<div class=\"wp-block-media-text alignwide is-stacked-on-mobile\"><figure class=\"wp-block-media-text__media\"><video controls src=\"http:\/\/domainedeghanna.be\/wp-content\/uploads\/2020\/09\/10000000_144547203984065_2524874568729466748_n-1.mp4\"><\/video><\/figure><div class=\"wp-block-media-text__content\">\n<p class=\"has-large-font-size\">Natsu, Border collie, en formation pour devenir un chien m\u00e9diateur<\/p>\n<\/div><\/div>\n\n\n<h2 class=\"o9v6fnle cxmmr5t8 oygrvhab hcukyx3x c1et5uql\"><span style=\"color: #99cc00;\"><br \/>Ce service s&rsquo;adresse aux professionnels travaillant dans le secteur canin ou dans le secteur psycho-m\u00e9dico-social souhaitant construire un chien destin\u00e9 \u00e0 la m\u00e9diation animale.<\/span><\/h2>\n<h5 class=\"o9v6fnle cxmmr5t8 oygrvhab hcukyx3x c1et5uql\">Lorsque l&rsquo;on d\u00e9cide de travailler avec notre ami canin, il faut pouvoir s&rsquo;entourer des bonnes personnes. <br \/>Il n&rsquo;est pas simple d&rsquo;\u00e9duquer son chien, et encore moins un chien de m\u00e9diation.<\/h5>\n<h5>Le r\u00f4le et les comp\u00e9tences d&rsquo;un chien de m\u00e9diation demande une \u00e9ducation particuli\u00e8re et bien plus compl\u00e8te qu&rsquo;un simple chien de famille.<\/h5>\n<h5>Commencer l&rsquo;aventure chez nous, c&rsquo;est accompagner votre chien en respectant son d\u00e9veloppement \u00e9motionnel et en lui permettant de se former et de remplir pleinement son r\u00f4le de futur chien m\u00e9diateur.\u00a0<\/h5>\n<h2><span style=\"color: #99cc00;\">Mais en pratique&#8230;\u00a0<\/span><\/h2>\n<h5>Afin de vous accompagner au mieux, nous vous invitons \u00e0 prendre une premi\u00e8re s\u00e9ance individuelle afin que nous puissions d\u00e9terminer si votre chien poss\u00e8de les qualit\u00e9s pr\u00e9-requises, discuter ensemble de votre projet, de l&rsquo;implication que la formation d&rsquo;un chien de m\u00e9diation n\u00e9cessite et des objectifs \u00e0 atteindre.<\/h5>\n<h5>Vous serez suivi \u00e0 raison de 1 \u00e0 2 fois par semaine, que ce soit en session individuelle ou collective.<\/h5>\n<h5>Nous aborderons les premiers apprentissages du chiot comme la socialisation , la propret\u00e9, le saut ou encore le mordillement.<br \/>Mais nous vous accompagnerons \u00e9galement dans son \u00e9ducation de base \u00e0 travers la marche en laisse, le contr\u00f4le de l&rsquo;environnement, l&rsquo;ob\u00e9issance de base ainsi que dans les apprentissages li\u00e9s \u00e0 la m\u00e9diation.\u00a0<\/h5>\n<h5>Si le chien que vous avez choisi n&rsquo;est pas un chiot, mais un adulte, nous d\u00e9terminerons les comportements ind\u00e9sirables \u00e0 r\u00e9\u00e9duquer et nous vous apprendrons \u00e0 g\u00e9rer un pass\u00e9 inconnu et \u00e0 avoir les bonnes attitudes.<\/h5>\n<h5>A chaque fin de session, des notes et devoirs seront retranscrits dans une farde pour vous permettre d&rsquo;acqu\u00e9rir les connaissances th\u00e9oriques et d&rsquo;appliquer les exercices pratiques indispensables au bon d\u00e9roulement de la formation de votre chien.<\/h5>\n<h5>Nous sommes l\u00e0 \u00e9galement pour faire prendre vie \u00e0 vos id\u00e9es. <br \/>Ce que vous pouvez imaginez, il peut le faire !<br \/>Des sessions th\u00e9oriques pourront \u00e9galement \u00eatre au programme selon les besoins.<\/h5>\n<h5><span style=\"color: #99cc00;\">Le clicker est obligatoire.<\/span><br \/>Pour plus d&rsquo;informations sur le clicker training : <a href=\"http:\/\/domainedeghanna.be\/index.php\/clicker-training\/\"><span style=\"color: #99cc00;\">Cliquez ici !<\/span><\/a><\/h5>\n<p><span style=\"color: #99cc00;\">Attention : Cet accompagnement est ax\u00e9 sur la formation du chien et ne vous forme pas au titre d&rsquo;intervenant en m\u00e9diation animale.<\/span><\/p>\n<h2><span style=\"color: #99cc00;\">S\u00e9minaire sur la construction d&rsquo;un chien destin\u00e9 \u00e0 la m\u00e9diation animale\u00a0<\/span><\/h2>\n<h4>Prochaine date : A VENIR&lt;qsc<br \/>INSCRIPTION SUR NOTRE PLATEFORME EN LIGNE : <a href=\"https:\/\/domainedeghanna.be\/index.php\/reservation-en-ligne\/\">CLIQUEZ ICI<\/a><\/h4>\n<h4><span style=\"color: #99cc00;\">Au programme :\u00a0<\/span><\/h4>\n<h5><span style=\"color: #99cc00;\">JOUR 1<\/span><\/h5>\n<h5>D\u00c9VELOPPEMENT DU CHIOT DE LA NAISSANCE \u00c0 L&rsquo;AGE ADULTE<\/h5>\n<h5>1. P\u00e9riode pr\u00e9natale : avant la naissance<br \/>2. P\u00e9riode n\u00e9onatale : entre la naissance et l&rsquo;\u00e2ge de 2 semaines<br \/>3. Les r\u00e9flexes primaires et archa\u00efques<br \/>4. P\u00e9riode transitoire : entre 2 semaines et 3 semaines<br \/>5. P\u00e9riode de d\u2019impr\u00e9gnation et de socialisation : entre 3 semaines et 3 mois<br \/>6. Les p\u00e9riodes d&rsquo;impact de peur<br \/>7. P\u00e9riode juv\u00e9nile : entre 3 mois et 4\/6 mois<br \/>8. P\u00e9riode de pubert\u00e9 : de 4\/6 mois \u00e0 l\u2019\u00e2ge adulte<\/h5>\n<h5>ATTACHEMENT ET D\u00c9TACHEMENT<\/h5>\n<h5>1. Attachement primaire, d\u00e9tachement et transfert de l&rsquo;attachement primaire<br \/>2. Attachement secondaire<br \/>3. L\u2019attachement et le d\u00e9tachement dans le travail de m\u00e9diation<br \/>4. Comment travailler le d\u00e9tachement de son chiot ?<br \/>5. Diff\u00e9rence entre l&rsquo;hyperattachement primaire et secondaire<br \/>6. Comment \u00e9viter qu\u2019un chien que l\u2019on adopte adulte ne soit sujet \u00e0 de l\u2019hyperattachement ?<\/h5>\n<h5>CHOISIR SON CHIOT OU SON CHIEN ADULTE<\/h5>\n<h5>1. Le choix d\u2019un chiot<br \/>&#8211; Quel sera l\u2019aspect physique de votre chiot \u00e0 l\u2019\u00e2ge adulte ?<br \/>&#8211; Quel sera l\u2019aspect comportemental du chiot que je vais choisir ?<br \/>&#8211; Quel est le co\u00fbt quant \u00e0 l\u2019entretien de votre chiot ?<br \/>&#8211; O\u00f9 adopter votre chiot ?<br \/>&#8211; Mais comment trouver un \u00e9leveur comp\u00e9tent ?<br \/>&#8211; Pouvons-nous adopter un chiot chez un particulier ?<br \/>&#8211; Dois-je choisir un m\u00e2le ou une femelle ?<br \/>&#8211; La s\u00e9lection du chiot<br \/>2. Le choix d\u2019un chien adulte<br \/>&#8211; Quel sera l\u2019aspect physique de votre chien ?<br \/>&#8211; Quel sera l\u2019aspect comportemental du chien que je vais choisir ?<br \/>&#8211; Les comportements observables en refuge : premi\u00e8re et deuxi\u00e8me visite<\/h5>\n<h5 class=\"o9v6fnle cxmmr5t8 oygrvhab hcukyx3x c1et5uql\"><span style=\"color: #99cc00;\">JOUR 2<\/span><\/h5>\n<h5>LES PRINCIPES D&rsquo;APPRENTISSAGE<\/h5>\n<h5>1. Le conditionnement classique et op\u00e9rant<br \/>2. Le principe de Premack<br \/>3. Les diff\u00e9rentes m\u00e9thodes d\u2019\u00e9ducation<br \/>4. Principes du clicker-training<\/h5>\n<h5>LES PREMIERS APPRENTISSAGES DU CHIOT<\/h5>\n<h5>1. La socialisation et les besoins de d\u00e9couverte du chiot<br \/>2. La propret\u00e9<br \/>3. Les mordillements<br \/>4. Les sauts intempestifs<br \/>5. \u00catre pro-actif, imaginatif dans la mise en place d\u2019un cadre et apprendre au chiot des comportements alternatifs<br \/>6. Le \u00ab non \u00bb n\u2019est pas indispensable : Time-out !<br \/>7. La manipulation<\/h5>\n<h5>LES PREMIERS APPRENTISSAGES DU CHIEN ADULTE<\/h5>\n<h5>1. Pouvoir g\u00e9rer un pass\u00e9 inconnu et multiplier les exp\u00e9riences<br \/>2. La sociabilisation est diff\u00e9rente de la socialisation<br \/>3. L&rsquo;importance d&rsquo;une attitude rassurante et coh\u00e9rente<br \/>4 . D\u00e9terminer et r\u00e9\u00e9duquer les comportements ind\u00e9sirables<br \/>5. La manipulation<\/h5>\n<h5>L&rsquo;\u00c9DUCATION DE BASE<\/h5>\n<h5>1. Distinction entre le travail et le non-travail<br \/>2. La friandise comme alli\u00e9e<br \/>3. Les mots marqueurs<br \/>4. Les mots lib\u00e9ratoires<br \/>5. Focus et contr\u00f4le des distractions<br \/>6. Les mots de l\u2019ob\u00e9issance<br \/>7. L&rsquo;importance d&rsquo;un accompagnement professionnel pour la formation de son chien de m\u00e9diation<\/h5>\n<h5>LES APPRENTISSAGES LI\u00c9S \u00c0 LA M\u00c9DIATION<\/h5>\n<h5>1. Une socialisation\/sociabilisation plus accrue<br \/>2. Un jouet de travail comme motivation et exutoire<br \/>3. Le bonjour<br \/>4. Le tapis<br \/>5. Les comportements auto-renfor\u00e7ants<br \/>6. Les autocontr\u00f4les<br \/>7. La cage de transport<br \/>8. Le parcours d\u2019obstacles<br \/>9. La position \u00ab debout \u00bb<br \/>10. La position \u00ab relax \u00bb<br \/>11. Apprentissage du rapport d\u2019objet<br \/>12. Conna\u00eetre les limites de son chien \u2013 les signaux d\u2019apaisement<br \/>13. Le clicker training \u2013 apprentissage des tricks<br \/>14. Si vous pouvez l\u2019imaginer, il peut le faire !<br \/>15. Le planning d&rsquo;entra\u00eenement : entra\u00eenements r\u00e9guliers, mises en situation et simulations<\/h5>\n<h5>LA REFORME DE SON CHIEN DE M\u00c9DIATION<\/h5>\n<h5 class=\"o9v6fnle cxmmr5t8 oygrvhab hcukyx3x c1et5uql\"><em>Le plan de cours peut \u00eatre soumis \u00e0 modification selon le d\u00e9roulement et les demandes de chacun.<\/em><br \/><em>Le s\u00e9minaire se veut pro-actif et encourage la discussion et l&rsquo;\u00e9change.<\/em><\/h5>\n\n\n<p><\/p>\n","protected":false},"excerpt":{"rendered":"<p>Natsu, Border collie, en formation pour devenir un chien m\u00e9diateur Ce service s&rsquo;adresse aux professionnels travaillant dans le secteur canin &hellip; <\/p>\n","protected":false},"author":2,"featured_media":0,"parent":0,"menu_order":0,"comment_status":"closed","ping_status":"closed","template":"","meta":{"footnotes":""},"class_list":["post-3635","page","type-page","status-publish","hentry"],"_links":{"self":[{"href":"https:\/\/domainedeghanna.be\/index.php\/wp-json\/wp\/v2\/pages\/3635","targetHints":{"allow":["GET"]}}],"collection":[{"href":"https:\/\/domainedeghanna.be\/index.php\/wp-json\/wp\/v2\/pages"}],"about":[{"href":"https:\/\/domainedeghanna.be\/index.php\/wp-json\/wp\/v2\/types\/page"}],"author":[{"embeddable":true,"href":"https:\/\/domainedeghanna.be\/index.php\/wp-json\/wp\/v2\/users\/2"}],"replies":[{"embeddable":true,"href":"https:\/\/domainedeghanna.be\/index.php\/wp-json\/wp\/v2\/comments?post=3635"}],"version-history":[{"count":9,"href":"https:\/\/domainedeghanna.be\/index.php\/wp-json\/wp\/v2\/pages\/3635\/revisions"}],"predecessor-version":[{"id":4497,"href":"https:\/\/domainedeghanna.be\/index.php\/wp-json\/wp\/v2\/pages\/3635\/revisions\/4497"}],"wp:attachment":[{"href":"https:\/\/domainedeghanna.be\/index.php\/wp-json\/wp\/v2\/media?parent=3635"}],"curies":[{"name":"wp","href":"https:\/\/api.w.org\/{rel}","templated":true}]}}