{"id":3411,"date":"2019-11-09T13:57:02","date_gmt":"2019-11-09T12:57:02","guid":{"rendered":"http:\/\/domainedeghanna.be\/?page_id=3411"},"modified":"2020-09-21T09:46:29","modified_gmt":"2020-09-21T07:46:29","slug":"pour-les-chiots","status":"publish","type":"page","link":"https:\/\/domainedeghanna.be\/index.php\/pour-les-chiots\/","title":{"rendered":"Pour les chiots"},"content":{"rendered":"\n<div class=\"wp-block-media-text alignwide is-stacked-on-mobile\"><figure class=\"wp-block-media-text__media\"><video controls src=\"http:\/\/domainedeghanna.be\/wp-content\/uploads\/2020\/09\/IMG_8228.mp4\"><\/video><\/figure><div class=\"wp-block-media-text__content\">\n<p class=\"has-large-font-size\">Amusez-vous et partagez un chouette moment avec votre chiot !<\/p>\n<\/div><\/div>\n\n\n<h3><span style=\"color: #99cc00;\"><strong><br>Les collectifs chiots (de 2 \u00e0 6-8 mois)<\/strong><\/span><\/h3>\n<h5><em>Vous venez d\u2019adopter un nouveau membre pour votre famille ? Et bien f\u00e9licitations, votre boule de poils est la bienvenue dans nos collectifs !<\/em><\/h5>\n<h5>Par petits groupes de&nbsp;<strong>6 chiots<\/strong>, nous allons vous faire b\u00e9n\u00e9ficier des avantages d\u2019un travail de groupe tout en gardant un aspect individualis\u00e9.<br>Avant de rejoindre nos collectifs chiots, une s\u00e9ance th\u00e9orique d&rsquo;int\u00e9gration vous sera impos\u00e9e afin de commencer votre aventure canine de la bonne patte !<\/h5>\n<h5>Durant les collectifs, nous proposerons aux chiots un environnement enrichi en obstacles et en parcours de stimulations.<\/h5>\n<h5>Les s\u00e9ances collectives restent avant tout une fa\u00e7on de bien socialiser votre chiot et de ma\u00eetriser votre compagnon \u00e0 quatre pattes malgr\u00e9 les perturbations ext\u00e9rieures (les copains, les personnes, les enfants, etc.)<br>Ainsi, m\u00eame si nous y apprenons les bases de l\u2019ob\u00e9issance (pied, assis, couch\u00e9, reste ou encore rappel), des s\u00e9ances individuelles en compl\u00e9ment des s\u00e9ances collectives pourront perfectionner l\u2019ob\u00e9issance.<\/h5>\n<h5>L\u2019apprentissage d\u2019une bonne communication intrasp\u00e9cifique (au sein de la m\u00eame esp\u00e8ce) ne pourra se faire qu\u2019en privil\u00e9giant des rencontres de qualit\u00e9&nbsp;sous l\u2019oeil avis\u00e9 d\u2019un professionnel et pourront \u00e9viter de nombreux troubles du comportement \u00e0 l\u2019\u00e2ge adulte.<\/h5>\n<h5>Les exercices&nbsp;assurent une progression individuelle dans un groupe&nbsp;permettant \u00e0 terme d\u2019int\u00e9grer les collectifs adultes o\u00f9 la progression se fait en groupe.&nbsp;<\/h5>\n<h3><span style=\"color: #99cc00;\"><strong>Au programme :<\/strong><\/span><\/h3>\n<h5>\u2013 Apprentissage des bases de l\u2019ob\u00e9issance en gardant une approche personnalis\u00e9e dans des groupes restreints.<br>\u2013 Des exercices personnalis\u00e9s&nbsp;et adapt\u00e9s \u00e0 chaque bin\u00f4me<br>\u2013 Des r\u00e9cr\u00e9ations canines pour socialiser et d\u00e9fouler votre compagnon<br>\u2013 Apprendre \u00e0 comprendre votre chiot pour mieux l\u2019\u00e9duquer, l\u2019aimer et le respecter<br>\u2013 Des collectifs bas\u00e9s sur l\u2019\u00e9quilibre physique, psychique et \u00e9motionnel du&nbsp;chiot<br>\u2013&nbsp;<strong>Participer dans la joie, la bonne humeur et prendre du plaisir \u00e0 \u00e9duquer son chiot !&nbsp;<br><\/strong><\/h5>\n<h3><span style=\"color: #99cc00;\"><span style=\"color: #99cc00;\">Les r\u00e9cr\u00e9ations canines :<\/span><\/span><\/h3>\n<h5>Pendant les collectifs chiots, vous aurez l&rsquo;occasion de laisser vos compagnons se d\u00e9fouler.<br>Les r\u00e9cr\u00e9ations canines sont un concept \u00e9ducatif et ludique qui sont r\u00e9serv\u00e9es aux bin\u00f4mes participant aux collectifs.<\/h5>\n<h5>L&rsquo;objectif&nbsp; est de permettre \u00e0 vos compagnons de se d\u00e9fouler, de se socialiser et de jouer ensemble en toute s\u00e9curit\u00e9.<\/h5>\n<h5>Pour cela, des petits groupes seront form\u00e9s en tenant compte de la personnalit\u00e9 et de la morphologie de chacun.<\/h5>\n<h5>Ayant \u00e0 coeur de privil\u00e9gier les rencontres de qualit\u00e9, nous ne l\u00e2cherons que des chiots \u00ab\u00a0connus\u00a0\u00bb.<br>Ces r\u00e9cr\u00e9ations, avant tout \u00e9ducatives, seront accompagn\u00e9es de commentaires afin d&rsquo;\u00e9tudier les comportements et de comprendre les interactions.<\/h5>\n<h5>Ainsi, au del\u00e0&nbsp;des relations sociales b\u00e9n\u00e9fiques pouvant se mettre en place, vous pourrez peu \u00e0 peu conna\u00eetre votre chien et sa mani\u00e8re d&rsquo;interagir.<\/h5>\n\n\n<div class=\"wp-block-media-text alignwide is-stacked-on-mobile\"><figure class=\"wp-block-media-text__media\"><video controls src=\"http:\/\/domainedeghanna.be\/wp-content\/uploads\/2020\/09\/10000000_3383417348337965_4953091810926292625_n.mp4\"><\/video><\/figure><div class=\"wp-block-media-text__content\">\n<p class=\"has-large-font-size\">Petit moment tendresse durant nos collectifs chiots&#8230; <\/p>\n<\/div><\/div>\n","protected":false},"excerpt":{"rendered":"<p>Amusez-vous et partagez un chouette moment avec votre chiot ! Les collectifs chiots (de 2 \u00e0 6-8 mois) Vous venez &hellip; <\/p>\n","protected":false},"author":2,"featured_media":0,"parent":0,"menu_order":0,"comment_status":"closed","ping_status":"closed","template":"","meta":{"footnotes":""},"class_list":["post-3411","page","type-page","status-publish","hentry"],"_links":{"self":[{"href":"https:\/\/domainedeghanna.be\/index.php\/wp-json\/wp\/v2\/pages\/3411","targetHints":{"allow":["GET"]}}],"collection":[{"href":"https:\/\/domainedeghanna.be\/index.php\/wp-json\/wp\/v2\/pages"}],"about":[{"href":"https:\/\/domainedeghanna.be\/index.php\/wp-json\/wp\/v2\/types\/page"}],"author":[{"embeddable":true,"href":"https:\/\/domainedeghanna.be\/index.php\/wp-json\/wp\/v2\/users\/2"}],"replies":[{"embeddable":true,"href":"https:\/\/domainedeghanna.be\/index.php\/wp-json\/wp\/v2\/comments?post=3411"}],"version-history":[{"count":6,"href":"https:\/\/domainedeghanna.be\/index.php\/wp-json\/wp\/v2\/pages\/3411\/revisions"}],"predecessor-version":[{"id":4282,"href":"https:\/\/domainedeghanna.be\/index.php\/wp-json\/wp\/v2\/pages\/3411\/revisions\/4282"}],"wp:attachment":[{"href":"https:\/\/domainedeghanna.be\/index.php\/wp-json\/wp\/v2\/media?parent=3411"}],"curies":[{"name":"wp","href":"https:\/\/api.w.org\/{rel}","templated":true}]}}