{"id":3378,"date":"2019-11-08T16:36:23","date_gmt":"2019-11-08T15:36:23","guid":{"rendered":"http:\/\/domainedeghanna.be\/?page_id=3378"},"modified":"2025-09-10T15:37:31","modified_gmt":"2025-09-10T13:37:31","slug":"troubles-comportementaux-et-relationnels","status":"publish","type":"page","link":"https:\/\/domainedeghanna.be\/index.php\/troubles-comportementaux-et-relationnels\/","title":{"rendered":"R\u00e9\u00e9ducation comportementale"},"content":{"rendered":"<p>Au fil des ann\u00e9es, nous nous sommes perfectionn\u00e9s pour accompagner les familles et leurs chiens dans les difficult\u00e9s qu\u2019ils traversent.<br data-start=\"391\" data-end=\"394\" \/>Nous avons appris qu\u2019il n\u2019existe pas de solution miracle ni de recette universelle : chaque duo est unique, chaque histoire est diff\u00e9rente.<\/p>\n<p><span style=\"color: #99cc00;\">Les ma\u00eetres mots de la r\u00e9habilitation : Comprendre, Respecter, G\u00e9rer et Entra\u00eener.<\/span><\/p>\n<div class=\"Block_Wrapper\">\n<div class=\"wsCtText\">\n<p data-start=\"741\" data-end=\"1021\">Les troubles comportementaux ou relationnels peuvent appara\u00eetre <strong data-start=\"805\" data-end=\"819\">\u00e0 tout \u00e2ge<\/strong>.<br data-start=\"820\" data-end=\"823\" \/>Un chiot comme un chien adulte peut manifester des signaux de mal-\u00eatre.<br data-start=\"894\" data-end=\"897\" \/>Parfois, ce sont de petites difficult\u00e9s du quotidien\u2026 parfois, des comportements plus marqu\u00e9s qui fragilisent la relation.<\/p>\n<p data-start=\"1023\" data-end=\"1304\">Lorsque le lien commence \u00e0 se tendre ou \u00e0 se d\u00e9grader, il est important de ne pas rester seul.<br data-start=\"1117\" data-end=\"1120\" \/>\u00catre accompagn\u00e9, c\u2019est donner \u00e0 votre chien les moyens de retrouver son \u00e9quilibre, et \u00e0 vous, la possibilit\u00e9 de renouer avec une relation <strong data-start=\"1258\" data-end=\"1301\">saine, fluide et bas\u00e9e sur la confiance<\/strong>.<\/p>\n<p data-start=\"1306\" data-end=\"1343\">Ces difficult\u00e9s peuvent concerner :<\/p>\n<ul data-start=\"1344\" data-end=\"1508\">\n<li data-start=\"1344\" data-end=\"1377\">\n<p data-start=\"1346\" data-end=\"1377\">la vie au sein de la famille,<\/p>\n<\/li>\n<li data-start=\"1378\" data-end=\"1416\">\n<p data-start=\"1380\" data-end=\"1416\">les relations avec ses cong\u00e9n\u00e8res,<\/p>\n<\/li>\n<li data-start=\"1417\" data-end=\"1459\">\n<p data-start=\"1419\" data-end=\"1459\">la cohabitation avec d\u2019autres esp\u00e8ces,<\/p>\n<\/li>\n<li data-start=\"1460\" data-end=\"1508\">\n<p data-start=\"1462\" data-end=\"1508\">ou encore ses interactions avec les humains.<\/p>\n<\/li>\n<\/ul>\n<p data-start=\"1510\" data-end=\"1577\">Quelle que soit la situation, <strong data-start=\"1540\" data-end=\"1574\">nous sommes l\u00e0 pour vous aider<\/strong>.<\/p>\n<p><img loading=\"lazy\" decoding=\"async\" class=\"\" src=\"https:\/\/us.123rf.com\/450wm\/cynoclub\/cynoclub1808\/cynoclub180800392\/106838653-belgian-shepherd-in-front-of-white-background.jpg?ver=6\" alt=\"Chien Agressif Banque D'Images Et Photos Libres De Droits - 123RF\" width=\"407\" height=\"278\" \/><\/p>\n<p data-start=\"1631\" data-end=\"1721\">Tout commence par une <strong data-start=\"1653\" data-end=\"1683\">\u00e9valuation comportementale<\/strong>.<br data-start=\"1684\" data-end=\"1687\" \/>C\u2019est un temps privil\u00e9gi\u00e9 pour :<\/p>\n<ul data-start=\"1722\" data-end=\"1924\">\n<li data-start=\"1722\" data-end=\"1768\">\n<p data-start=\"1724\" data-end=\"1768\">Vous \u00e9couter et comprendre votre histoire.<\/p>\n<\/li>\n<li data-start=\"1769\" data-end=\"1817\">\n<p data-start=\"1771\" data-end=\"1817\">Observer votre chien dans son individualit\u00e9.<\/p>\n<\/li>\n<li data-start=\"1818\" data-end=\"1863\">\n<p data-start=\"1820\" data-end=\"1863\">Analyser les causes possibles du trouble.<\/p>\n<\/li>\n<li data-start=\"1864\" data-end=\"1924\">\n<p data-start=\"1866\" data-end=\"1924\">Mettre en place un <strong data-start=\"1885\" data-end=\"1921\">plan d\u2019intervention personnalis\u00e9<\/strong>.<\/p>\n<\/li>\n<\/ul>\n<p data-start=\"1926\" data-end=\"2121\">Nous privil\u00e9gions toujours :<br data-start=\"1954\" data-end=\"1957\" \/>Une approche respectueuse et bienveillante.<br data-start=\"2003\" data-end=\"2006\" \/>Des objectifs adapt\u00e9s au rythme du chien.<br data-start=\"2050\" data-end=\"2053\" \/>Des conseils concrets et r\u00e9alistes, int\u00e9gr\u00e9s \u00e0 votre quotidien.<\/p>\n<p data-start=\"2123\" data-end=\"2215\">Chaque entra\u00eenement est pens\u00e9 <strong data-start=\"2153\" data-end=\"2167\">sur mesure<\/strong>, pour s\u2019adapter \u00e0 votre duo et \u00e0 vos besoins.<\/p>\n<\/div>\n<h3 data-start=\"2222\" data-end=\"2256\">Signes qui doivent alerter<\/h3>\n<p data-start=\"2257\" data-end=\"2356\">Il n\u2019est jamais trop t\u00f4t pour consulter.<br data-start=\"2297\" data-end=\"2300\" \/>D\u00e8s lors que votre chien d\u00e9veloppe des comportements d\u00e9rangeants au quotidien, difficiles \u00e0 g\u00e9rer pour vous ou pr\u00e9sentant un risque pour lui-m\u00eame ou pour les autres, il est important d\u2019agir.<\/p>\n<h3 data-start=\"2761\" data-end=\"2804\">La r\u00e9\u00e9ducation : un chemin d\u2019\u00e9quipe<\/h3>\n<p data-start=\"2805\" data-end=\"3029\">La r\u00e9\u00e9ducation n\u2019est pas une course de vitesse, mais un <strong data-start=\"2861\" data-end=\"2879\">chemin partag\u00e9<\/strong>.<br data-start=\"2880\" data-end=\"2883\" \/>Elle demande implication, patience et constance.<br data-start=\"2931\" data-end=\"2934\" \/>Nous avan\u00e7ons ensemble, pas \u00e0 pas, en vous donnant des outils pratiques et un soutien adapt\u00e9.<\/p>\n<p data-start=\"3031\" data-end=\"3221\">C\u2019est un parcours parfois long, mais surtout profond\u00e9ment <strong data-start=\"3089\" data-end=\"3107\">transformateur<\/strong>.<br data-start=\"3108\" data-end=\"3111\" \/>\u00c0 la cl\u00e9 : un quotidien plus serein et une relation <strong data-start=\"3163\" data-end=\"3201\">renouvel\u00e9e, \u00e9quilibr\u00e9e et complice<\/strong> avec votre chien.<\/p>\n<\/div>\n<p><strong><span style=\"color: #99cc00;\">Vous trouverez nos disponibilit\u00e9s pour les s\u00e9ances individuelles sur notre plateforme en ligne.<\/span><\/strong><\/p>\n","protected":false},"excerpt":{"rendered":"<p>Au fil des ann\u00e9es, nous nous sommes perfectionn\u00e9s pour accompagner les familles et leurs chiens dans les difficult\u00e9s qu\u2019ils traversent.Nous &hellip; <\/p>\n","protected":false},"author":2,"featured_media":0,"parent":0,"menu_order":0,"comment_status":"closed","ping_status":"closed","template":"","meta":{"footnotes":""},"class_list":["post-3378","page","type-page","status-publish","hentry"],"_links":{"self":[{"href":"https:\/\/domainedeghanna.be\/index.php\/wp-json\/wp\/v2\/pages\/3378","targetHints":{"allow":["GET"]}}],"collection":[{"href":"https:\/\/domainedeghanna.be\/index.php\/wp-json\/wp\/v2\/pages"}],"about":[{"href":"https:\/\/domainedeghanna.be\/index.php\/wp-json\/wp\/v2\/types\/page"}],"author":[{"embeddable":true,"href":"https:\/\/domainedeghanna.be\/index.php\/wp-json\/wp\/v2\/users\/2"}],"replies":[{"embeddable":true,"href":"https:\/\/domainedeghanna.be\/index.php\/wp-json\/wp\/v2\/comments?post=3378"}],"version-history":[{"count":11,"href":"https:\/\/domainedeghanna.be\/index.php\/wp-json\/wp\/v2\/pages\/3378\/revisions"}],"predecessor-version":[{"id":4496,"href":"https:\/\/domainedeghanna.be\/index.php\/wp-json\/wp\/v2\/pages\/3378\/revisions\/4496"}],"wp:attachment":[{"href":"https:\/\/domainedeghanna.be\/index.php\/wp-json\/wp\/v2\/media?parent=3378"}],"curies":[{"name":"wp","href":"https:\/\/api.w.org\/{rel}","templated":true}]}}