{"id":3331,"date":"2019-11-07T16:53:49","date_gmt":"2019-11-07T15:53:49","guid":{"rendered":"http:\/\/domainedeghanna.be\/?page_id=3331"},"modified":"2025-09-10T14:12:17","modified_gmt":"2025-09-10T12:12:17","slug":"chiens-a-partir-de-6-mois","status":"publish","type":"page","link":"https:\/\/domainedeghanna.be\/index.php\/chiens-a-partir-de-6-mois\/","title":{"rendered":"Chiens \u00e0 partir de 8 mois"},"content":{"rendered":"<h3><span style=\"color: #99cc00;\"><strong>Tout d&rsquo;abord, pourquoi \u00e9duquer son chien ?<\/strong><\/span><\/h3>\n<h5><strong>S\u2019il est \u00e9vident pour vous que votre compagnon doit s\u2019adapter \u00e0 votre mode de vie,\u00a0il n\u2019en est rien pour lui\u00a0!<\/strong><br \/>\n<strong>Nous ne poss\u00e9dons pas le m\u00eame langage et il est souvent tr\u00e8s difficile de se comprendre.<\/strong><br \/>\n<strong>C\u2019est pour cela qu\u2019il faudra sans nul doute l\u2019\u00e9duquer afin qu\u2019il puisse s\u2019acclimater \u00e0 son nouvel environnement.<\/strong><br \/>\n<strong>Ayant \u00e0 coeur que chaque chien soit bien dans ses pattes et int\u00e9gr\u00e9 en soci\u00e9t\u00e9, nous vous\u00a0accompagnerons avec professionnalisme dans toutes vos aventures canines !<\/strong><\/h5>\n<p><img loading=\"lazy\" decoding=\"async\" class=\"\" src=\"https:\/\/s1.1zoom.me\/big0\/263\/Dogs_White_background_Three_3_Dalmatian_Chihuahua_528255_1280x858.jpg\" alt=\"Fonds d'ecran Chien Fond blanc Trois 3 Dalmatien Chihuahua Berger Animaux  t\u00e9l\u00e9charger photo\" width=\"434\" height=\"291\" \/><\/p>\n<h3><span style=\"color: #99cc00;\"><strong>La premi\u00e8re s\u00e9ance (8 mois et+)<\/strong><\/span><\/h3>\n<h5><span style=\"font-size: 15px;\"><b><i>La premi\u00e8re s\u00e9ance<\/i><\/b> permet un premier contact afin\u00a0de r\u00e9pondre aux diff\u00e9rentes questions que les ma\u00eetres se posent. Elle permet \u00e9galement de d\u00e9finir ensemble des objectifs \u00e0 atteindre.<\/span><\/h5>\n<h5><strong>Suite \u00e0 cette s\u00e9ance, vous avez le choix de continuer en s\u00e9ances individuelles ou d&rsquo;int\u00e9grer nos collectifs adultes.<\/strong><\/h5>\n<h5><strong>Pour int\u00e9grer les collectifs adultes, nous demandons une base d&rsquo;ob\u00e9issance qui sera test\u00e9e lors du premier entretien.<\/strong><br \/>\n<strong>Si votre chien ne poss\u00e8de pas le niveau n\u00e9cessaire pour int\u00e9grer les collectifs adultes, nous travaillerons individuellement<em>\u00a0<\/em>l\u2019ob\u00e9issance afin de la perfectionner ou de l\u2019adapter.<\/strong><br \/>\n<strong>De cette fa\u00e7on, nous pr\u00e9servons la qualit\u00e9 et la s\u00e9curit\u00e9 de nos collectifs.<\/strong><\/h5>\n<h3><strong>Au programme :<\/strong><\/h3>\n<h5><strong>\u2013 Exercices d\u2019ob\u00e9issance de niveau avanc\u00e9.<\/strong><br \/>\n<strong>\u2013 Exercices personnalis\u00e9s et adapt\u00e9s \u00e0 chaque bin\u00f4me<\/strong><br \/>\n<strong>\u2013 Apporter une activit\u00e9 constructive et attractive\u00a0o\u00f9 le chien entretien son \u00e9quilibre physique, psychique et \u00e9motionnel<\/strong><br \/>\n<strong>\u2013 Apprendre \u00e0 votre chien \u00e0 ob\u00e9ir dans n\u2019importe quelle situation.<\/strong><br \/>\n\u2013\u00a0<strong>Entretenir la complicit\u00e9 et renforcer la relation avec votre chien.<\/strong><\/h5>\n<h2><strong>N\u2019attendez pas un probl\u00e8me pour consulter, de simples conseils peuvent \u00e9galement faire l\u2019objet d\u2019un entretien.<\/strong><\/h2>\n<p><strong><span style=\"color: #99cc00;\">Vous trouverez nos disponibilit\u00e9s pour les s\u00e9ances individuelles sur notre plateforme en ligne.<\/span><\/strong><br \/>\n<strong><span style=\"color: #99cc00;\">Les collectifs chiots se d\u00e9roulent le vendredi soir et le samedi.<\/span><\/strong><br \/>\n<strong><span style=\"color: #99cc00;\">Les collectifs adultes se d\u00e9roulent le vendredi soir et le samedi.<\/span><\/strong><\/p>\n<h2><strong>\u00a0<\/strong><\/h2>\n","protected":false},"excerpt":{"rendered":"<p>Tout d&rsquo;abord, pourquoi \u00e9duquer son chien ? S\u2019il est \u00e9vident pour vous que votre compagnon doit s\u2019adapter \u00e0 votre mode &hellip; <\/p>\n","protected":false},"author":2,"featured_media":0,"parent":0,"menu_order":0,"comment_status":"closed","ping_status":"closed","template":"","meta":{"footnotes":""},"class_list":["post-3331","page","type-page","status-publish","hentry"],"_links":{"self":[{"href":"https:\/\/domainedeghanna.be\/index.php\/wp-json\/wp\/v2\/pages\/3331","targetHints":{"allow":["GET"]}}],"collection":[{"href":"https:\/\/domainedeghanna.be\/index.php\/wp-json\/wp\/v2\/pages"}],"about":[{"href":"https:\/\/domainedeghanna.be\/index.php\/wp-json\/wp\/v2\/types\/page"}],"author":[{"embeddable":true,"href":"https:\/\/domainedeghanna.be\/index.php\/wp-json\/wp\/v2\/users\/2"}],"replies":[{"embeddable":true,"href":"https:\/\/domainedeghanna.be\/index.php\/wp-json\/wp\/v2\/comments?post=3331"}],"version-history":[{"count":14,"href":"https:\/\/domainedeghanna.be\/index.php\/wp-json\/wp\/v2\/pages\/3331\/revisions"}],"predecessor-version":[{"id":4465,"href":"https:\/\/domainedeghanna.be\/index.php\/wp-json\/wp\/v2\/pages\/3331\/revisions\/4465"}],"wp:attachment":[{"href":"https:\/\/domainedeghanna.be\/index.php\/wp-json\/wp\/v2\/media?parent=3331"}],"curies":[{"name":"wp","href":"https:\/\/api.w.org\/{rel}","templated":true}]}}