{"id":3330,"date":"2019-11-07T16:53:49","date_gmt":"2019-11-07T15:53:49","guid":{"rendered":"http:\/\/domainedeghanna.be\/?page_id=3330"},"modified":"2025-09-10T14:11:45","modified_gmt":"2025-09-10T12:11:45","slug":"chiots-de-2-a-6-mois","status":"publish","type":"page","link":"https:\/\/domainedeghanna.be\/index.php\/chiots-de-2-a-6-mois\/","title":{"rendered":"Int\u00e9gration des chiots dans nos cours"},"content":{"rendered":"<h3><span style=\"color: #99cc00;\">Une relation harmonieuse et durable<\/span><\/h3>\n<h5><span style=\"font-size: 15px;\">Avant d\u2019int\u00e9grer nos cours collectifs chiots, nous vous invitons \u00e0 participer \u00e0 une s\u00e9ance collective th\u00e9orique ou une \u00e0 premi\u00e8re s\u00e9ance individuelle afin d\u2019\u00eatre pr\u00eat \u00e0 vivre l\u2019aventure canine qui vous attend.<\/span><\/h5>\n<h5>Cette s\u00e9ance est ouverte aux chiots entre 2 et 8 mois et nous aborderons ensemble les premiers apprentissages indispensables (propret\u00e9, mordillement, gestion, compr\u00e9hension du comportement etc.)<\/h5>\n<h5>Si vous ne souhaitez pas int\u00e9grer nos collectifs, vous pouvez bien \u00e9videmment continuer sous forme de cours individuels.<br \/>\nCependant, nous vous encourageons a socialiser votre chiot de fa\u00e7on qualitative.\u00a0Par petits groupes de\u00a0<strong>6 chiots<\/strong>, nous allons vous faire b\u00e9n\u00e9ficier des avantages d\u2019un travail de groupe tout en gardant un aspect individualis\u00e9.<\/h5>\n<h3><span style=\"color: #99cc00;\"><strong>Au programme :<\/strong><\/span><\/h3>\n<h5>\u2013 Apprentissage des bases de l\u2019ob\u00e9issance en gardant une approche personnalis\u00e9e dans des groupes restreints.<br \/>\n\u2013 Des exercices personnalis\u00e9s\u00a0et adapt\u00e9s \u00e0 chaque bin\u00f4me<br \/>\n\u2013 Des r\u00e9cr\u00e9ations canines pour socialiser et d\u00e9fouler votre compagnon<br \/>\n\u2013 Apprendre \u00e0 comprendre votre chiot pour mieux l\u2019\u00e9duquer, l\u2019aimer et le respecter<br \/>\n\u2013 Des collectifs bas\u00e9s sur l\u2019\u00e9quilibre physique, psychique et \u00e9motionnel du\u00a0chiot<br \/>\n\u2013\u00a0Participer dans la joie, la bonne humeur et prendre du plaisir \u00e0 \u00e9duquer son chiot !<\/h5>\n<p><img loading=\"lazy\" decoding=\"async\" class=\"\" src=\"https:\/\/upload.chien.com\/img_global\/24-comportement-education-du-chien\/les-problemes-comportementaux-du-chien\/_light-106-mordillements-mon-chien-mordille-tout-que-faire.jpg\" alt=\"Mordillements : mon chien mordille tout, que faire ?\" width=\"415\" height=\"311\" \/><\/p>\n<p><strong><span style=\"color: #99cc00;\">Vous trouverez nos disponibilit\u00e9s pour les s\u00e9ances individuelles sur notre plateforme en ligne.<\/span><\/strong><br \/>\n<strong><span style=\"color: #99cc00;\">Les collectifs chiots se d\u00e9roulent le vendredi soir et le samedi.<\/span><\/strong><br \/>\n<strong><span style=\"color: #99cc00;\">Les collectifs adultes se d\u00e9roulent le vendredi soir et le samedi.<\/span><\/strong><\/p>\n<h3><\/h3>\n<h5><\/h5>\n","protected":false},"excerpt":{"rendered":"<p>Une relation harmonieuse et durable Avant d\u2019int\u00e9grer nos cours collectifs chiots, nous vous invitons \u00e0 participer \u00e0 une s\u00e9ance collective &hellip; <\/p>\n","protected":false},"author":2,"featured_media":0,"parent":0,"menu_order":0,"comment_status":"closed","ping_status":"closed","template":"","meta":{"footnotes":""},"class_list":["post-3330","page","type-page","status-publish","hentry"],"_links":{"self":[{"href":"https:\/\/domainedeghanna.be\/index.php\/wp-json\/wp\/v2\/pages\/3330","targetHints":{"allow":["GET"]}}],"collection":[{"href":"https:\/\/domainedeghanna.be\/index.php\/wp-json\/wp\/v2\/pages"}],"about":[{"href":"https:\/\/domainedeghanna.be\/index.php\/wp-json\/wp\/v2\/types\/page"}],"author":[{"embeddable":true,"href":"https:\/\/domainedeghanna.be\/index.php\/wp-json\/wp\/v2\/users\/2"}],"replies":[{"embeddable":true,"href":"https:\/\/domainedeghanna.be\/index.php\/wp-json\/wp\/v2\/comments?post=3330"}],"version-history":[{"count":18,"href":"https:\/\/domainedeghanna.be\/index.php\/wp-json\/wp\/v2\/pages\/3330\/revisions"}],"predecessor-version":[{"id":4464,"href":"https:\/\/domainedeghanna.be\/index.php\/wp-json\/wp\/v2\/pages\/3330\/revisions\/4464"}],"wp:attachment":[{"href":"https:\/\/domainedeghanna.be\/index.php\/wp-json\/wp\/v2\/media?parent=3330"}],"curies":[{"name":"wp","href":"https:\/\/api.w.org\/{rel}","templated":true}]}}