{"id":2925,"date":"2019-04-20T17:30:47","date_gmt":"2019-04-20T15:30:47","guid":{"rendered":"http:\/\/domainedeghanna.eu\/?page_id=2925"},"modified":"2025-09-23T12:18:37","modified_gmt":"2025-09-23T10:18:37","slug":"nos-services","status":"publish","type":"page","link":"https:\/\/domainedeghanna.be\/index.php\/nos-services\/","title":{"rendered":"Nos services"},"content":{"rendered":"\n<div class=\"wp-block-group\"><div class=\"wp-block-group__inner-container is-layout-flow wp-block-group-is-layout-flow\">\n<div class=\"wp-block-group has-text-color\" style=\"color:#2f3132\"><div class=\"wp-block-group__inner-container is-layout-flow wp-block-group-is-layout-flow\">\n<div class=\"wp-block-group has-background\" style=\"background:linear-gradient(135deg,rgb(238,238,238) 0%,rgb(70,75,77) 52%,rgb(169,184,195) 100%)\"><div class=\"wp-block-group__inner-container is-layout-flow wp-block-group-is-layout-flow\">\n<div class=\"wp-block-group\"><div class=\"wp-block-group__inner-container is-layout-flow wp-block-group-is-layout-flow\">\n<div class=\"wp-block-group has-white-background-color has-background\"><div class=\"wp-block-group__inner-container is-layout-flow wp-block-group-is-layout-flow\">\n<h4><span style=\"color: #99cc00;\">Promenade suppl\u00e9mentaire : 6\u20ac\u00a0<\/span><\/h4>\n<p>Lors de son s\u00e9jour, votre compagnon peut se d\u00e9gourdir les pattes 20 \u00e0 30 minutes 2x par jour dans un enclos de d\u00e9foulement de 120m2.<br \/>Si vous estimez que votre compagnon a besoin de sorties suppl\u00e9mentaires, vous pouvez le faire b\u00e9n\u00e9ficier de notre service.<br \/>Une sortie suppl\u00e9mentaire de 20 minutes = 6 euros<\/p>\n<h4><span style=\"color: #99cc00;\">Bain avant le d\u00e9part : 25\u20ac &#8211; 30\u20ac &#8211; 35\u20ac<\/span><\/h4>\n<p>Si vous souhaitez retrouver votre chien tout beau et propre, il pourra b\u00e9n\u00e9ficier d&rsquo;un bain avant son d\u00e9part.<br \/>A la sortie de notre pension, nous vous conseillons vivement de prendre ce service.<br \/>Entre les promenades et les jeux entre copains, votre loulou aura surement besoin d&rsquo;un bon bain!<br \/>Le bains comprend un shampoing, un apr\u00e8s-shampoing ainsi qu&rsquo;un s\u00e9chage.<br \/>Il suffit de nous le signaler \u00e0 son arriv\u00e9e.<br \/>Si vous souhaitez un toilettage complet, vous pouvez contacter notre Toiletteuse pour prendre un rendez-vous pendant le s\u00e9jour : 0474\/16.80.12<\/p>\n<p>25\u20ac pour les petits, 30\u20ac pour les moyens-maxi et 35\u20ac pour les g\u00e9ants.<\/p>\n<h4><span style=\"color: #99cc00;\">Dog Wash en libre service : 12<\/span><span style=\"color: #99cc00;\">\u20ac\/30minutes<\/span><\/h4>\n<p>Si vous pr\u00e9f\u00e8rez laver votre chien vous-m\u00eame \u00e0 la sortie de son s\u00e9jour, vous pouvez utiliser notre espace sp\u00e9cialement am\u00e9nag\u00e9 pour cela. <br \/>Un endroit pratique, adapt\u00e9 et pens\u00e9 pour que le bain se fasse dans les meilleures conditions, sans contrainte \u00e0 la maison.<\/p>\n<p>Que vous choisissiez le bain par notre \u00e9quipe, un toilettage par notre Toiletteuse ou le Dog Wash par vos soins, votre chien repartira propre et tout frais de son passage chez nous.\u00a0<\/p>\n<p><img decoding=\"async\" class=\"aligncenter\" src=\"https:\/\/www.pettywell.com\/static\/media\/toilettage-de-chien-en-libre-service.jpg\" alt=\"Toilettage de chien en libre-service | Petty blog\" \/><\/p>\n<h4><span style=\"color: #99cc00;\">Toilettage : Prix variable<\/span><\/h4>\n<p>A la recherche d&rsquo;un professionnel pour le toilettage de votre chien ?<br \/>Notre toiletteuse dipl\u00f4m\u00e9e vous accueille avec le sourire et veille au bien-\u00eatre de votre compagnon.<br \/>Que ce soit \u00e0 la fin d&rsquo;un s\u00e9jour en pension ou en dehors, vous pourrez profiter des diff\u00e9rents services propos\u00e9s par notre salon de toilettage.<\/p>\n<h4><span style=\"color: #99cc00;\">Des nouvelles de votre compagnon ! : 0 \u20ac<\/span><\/h4>\n<p>Pour que votre s\u00e9jour se passe pour le mieux, vous pouvez nous demander des nouvelles de votre compagnon via sms ou messenger Facebook.<br \/>Ce service est disponible tous les jours entre 9h et 18h !<\/p>\n<h4><span style=\"color: #99cc00;\">M\u00e9dicamentation : 1 \u20ac \/ prise<\/span><\/h4>\n<p>Le propri\u00e9taire doit signaler si l\u2019animal a des probl\u00e8mes de sant\u00e9 \u00e0 son arriv\u00e9e, accompagn\u00e9 du traitement qui lui est n\u00e9cessaire ainsi que les instructions du v\u00e9t\u00e9rinaire.<br \/>1\u20ac par prise sera alors demand\u00e9.<\/p>\n<h4><span style=\"color: #99cc00;\">Respect des besoins physiques et \u00e9motionnels de votre chien de part notre m\u00e9tier d&rsquo;\u00e9ducateur sp\u00e9cialis\u00e9 en r\u00e9\u00e9ducation comportementale\u00a0<\/span><\/h4>\n<\/div><\/div>\n<\/div><\/div>\n<\/div><\/div>\n<\/div><\/div>\n<\/div><\/div>\n","protected":false},"excerpt":{"rendered":"<p>Promenade suppl\u00e9mentaire : 6\u20ac\u00a0 Lors de son s\u00e9jour, votre compagnon peut se d\u00e9gourdir les pattes 20 \u00e0 30 minutes 2x &hellip; <\/p>\n","protected":false},"author":2,"featured_media":0,"parent":0,"menu_order":0,"comment_status":"closed","ping_status":"closed","template":"","meta":{"footnotes":""},"class_list":["post-2925","page","type-page","status-publish","hentry"],"_links":{"self":[{"href":"https:\/\/domainedeghanna.be\/index.php\/wp-json\/wp\/v2\/pages\/2925","targetHints":{"allow":["GET"]}}],"collection":[{"href":"https:\/\/domainedeghanna.be\/index.php\/wp-json\/wp\/v2\/pages"}],"about":[{"href":"https:\/\/domainedeghanna.be\/index.php\/wp-json\/wp\/v2\/types\/page"}],"author":[{"embeddable":true,"href":"https:\/\/domainedeghanna.be\/index.php\/wp-json\/wp\/v2\/users\/2"}],"replies":[{"embeddable":true,"href":"https:\/\/domainedeghanna.be\/index.php\/wp-json\/wp\/v2\/comments?post=2925"}],"version-history":[{"count":12,"href":"https:\/\/domainedeghanna.be\/index.php\/wp-json\/wp\/v2\/pages\/2925\/revisions"}],"predecessor-version":[{"id":4507,"href":"https:\/\/domainedeghanna.be\/index.php\/wp-json\/wp\/v2\/pages\/2925\/revisions\/4507"}],"wp:attachment":[{"href":"https:\/\/domainedeghanna.be\/index.php\/wp-json\/wp\/v2\/media?parent=2925"}],"curies":[{"name":"wp","href":"https:\/\/api.w.org\/{rel}","templated":true}]}}