{"id":2903,"date":"2019-04-20T16:12:37","date_gmt":"2019-04-20T14:12:37","guid":{"rendered":"http:\/\/domainedeghanna.eu\/?page_id=2903"},"modified":"2026-04-03T17:44:33","modified_gmt":"2026-04-03T15:44:33","slug":"horaires-et-tarifs-2","status":"publish","type":"page","link":"https:\/\/domainedeghanna.be\/index.php\/horaires-et-tarifs-2\/","title":{"rendered":"Nos tarifs"},"content":{"rendered":"<p><span style=\"color: #99cc00;\"><strong>Vous trouverez nos disponibilit\u00e9s pour les s\u00e9ances individuelles et nos int\u00e9grations sur notre plateforme en ligne.<br \/><\/strong><\/span>Les cours collectifs chiots et adultes se d\u00e9roulent le vendredi soir ainsi que les samedis.<\/p>\n<div class=\"entry-content\"><span style=\"color: #ff0000;\"><strong>Attention, si l\u2019annulation n\u2019est pas communiqu\u00e9e au minimum 48h en avance, la s\u00e9ance sera due.<\/strong><br \/><em><span style=\"color: #000000;\">Toute prise de rendez-vous vaut acceptation de <a href=\"https:\/\/domainedeghanna.be\/index.php\/conditions-generales-3\/\">nos conditions g\u00e9n\u00e9rales<\/a>.\u00a0<\/span><\/em><\/span><\/div>\n\n\n<p><\/p>\n\n\n\n<figure class=\"wp-block-table is-style-stripes\"><table><thead><tr><th>S\u00e9ances<\/th><th class=\"has-text-align-center\" data-align=\"center\">Membre<\/th><th class=\"has-text-align-center\" data-align=\"center\">Non-membre<\/th><\/tr><\/thead><tbody><tr><td><br><strong>Cours individuels<br><\/strong><\/td><td class=\"has-text-align-center\" data-align=\"center\"><br>Premi\u00e8re s\u00e9ance : 50\u20ac<br>S\u00e9ance de suivi: 25\u20ac<br><\/td><td class=\"has-text-align-center\" data-align=\"center\"><br>Premi\u00e8re s\u00e9ance : 70\u20ac<br>S\u00e9ance de suivi : 35\u20ac<br>\u00a0<\/td><\/tr><tr><td><strong>R\u00e9habilitation\/r\u00e9\u00e9ducation comportementale<\/strong><\/td><td class=\"has-text-align-center\" data-align=\"center\"><br>Premi\u00e8re s\u00e9ance : 60\u20ac<br>S\u00e9ance de suivi : 30\u20ac<br>\u00a0<\/td><td class=\"has-text-align-center\" data-align=\"center\"><br>Premi\u00e8re s\u00e9ance : 80\u20ac<br>S\u00e9ance de suivi : 40\u20ac<br>\u00a0<\/td><\/tr><tr><td><strong>S\u00e9ances collectives chiots (45 min) et adultes (45 min)<\/strong><\/td><td class=\"has-text-align-center\" data-align=\"center\">10 \u20ac<\/td><td class=\"has-text-align-center\" data-align=\"center\">15 \u20ac<\/td><\/tr><tr><td><strong>Construction d\u2019un chien \u00e0 la m\u00e9diation animale<\/strong><\/td><td class=\"has-text-align-center\" data-align=\"center\">Premi\u00e8re s\u00e9ance : 60\u20ac<br>S\u00e9ance de suivi : 30\u20ac<\/td><td class=\"has-text-align-center\" data-align=\"center\"><br>Premi\u00e8re s\u00e9ance : 80\u20ac<br>S\u00e9ance de suivi : 40\u20ac<br>\u00a0<\/td><\/tr><tr><td><strong>Session th\u00e9orique d\u2019int\u00e9gration \u00e0 nos collectifs chiots (2h)<\/strong><br>\u26a0\ufe0f Cette session est obligatoire pour int\u00e9grer nos cours collectifs chiots <\/td><td class=\"has-text-align-center\" data-align=\"center\">40\u20ac<\/td><td class=\"has-text-align-center\" data-align=\"center\">60\u20ac <\/td><\/tr><tr><td><\/td><td class=\"has-text-align-center\" data-align=\"center\"><br>&nbsp;<\/td><td class=\"has-text-align-center\" data-align=\"center\"><br>&nbsp;<\/td><\/tr><\/tbody><\/table><\/figure>\n\n\n<h3><span style=\"color: #99cc00;\"><strong>Comment devenir membre?<br \/><\/strong><\/span><\/h3>\n<h5>Pour devenir membre, un cotisation de 60 euros vous sera demand\u00e9e.<\/h5>\n<h3><span style=\"color: #99cc00;\">Quels sont les avantages \u00e0 devenir membre ?<br \/><\/span><\/h3>\n<h5>&#8211;\u00a0Tarifs r\u00e9duits sur les s\u00e9ances individuelles et les s\u00e9ances collectives (\u00e9ducation de base, r\u00e9\u00e9ducation, activit\u00e9s ludiques)<\/h5>\n<h5>&#8211; 10% de r\u00e9duction sur les accessoires et 5% sur les snacks pour chiens dans les Poils&amp;Plumes de la r\u00e9gion ! (CORBAIS, notre r\u00e9f\u00e9rence ! \ud83e\udd70)<\/h5>\n<h5>&#8211; 10 euros de r\u00e9duction sur une s\u00e9ance dans notre bassin naturel<\/h5>","protected":false},"excerpt":{"rendered":"<p>Vous trouverez nos disponibilit\u00e9s pour les s\u00e9ances individuelles et nos int\u00e9grations sur notre plateforme en ligne.Les cours collectifs chiots et &hellip; <\/p>\n","protected":false},"author":2,"featured_media":0,"parent":0,"menu_order":0,"comment_status":"closed","ping_status":"closed","template":"","meta":{"footnotes":""},"class_list":["post-2903","page","type-page","status-publish","hentry"],"_links":{"self":[{"href":"https:\/\/domainedeghanna.be\/index.php\/wp-json\/wp\/v2\/pages\/2903","targetHints":{"allow":["GET"]}}],"collection":[{"href":"https:\/\/domainedeghanna.be\/index.php\/wp-json\/wp\/v2\/pages"}],"about":[{"href":"https:\/\/domainedeghanna.be\/index.php\/wp-json\/wp\/v2\/types\/page"}],"author":[{"embeddable":true,"href":"https:\/\/domainedeghanna.be\/index.php\/wp-json\/wp\/v2\/users\/2"}],"replies":[{"embeddable":true,"href":"https:\/\/domainedeghanna.be\/index.php\/wp-json\/wp\/v2\/comments?post=2903"}],"version-history":[{"count":30,"href":"https:\/\/domainedeghanna.be\/index.php\/wp-json\/wp\/v2\/pages\/2903\/revisions"}],"predecessor-version":[{"id":4559,"href":"https:\/\/domainedeghanna.be\/index.php\/wp-json\/wp\/v2\/pages\/2903\/revisions\/4559"}],"wp:attachment":[{"href":"https:\/\/domainedeghanna.be\/index.php\/wp-json\/wp\/v2\/media?parent=2903"}],"curies":[{"name":"wp","href":"https:\/\/api.w.org\/{rel}","templated":true}]}}