{"id":2793,"date":"2019-04-19T11:35:25","date_gmt":"2019-04-19T09:35:25","guid":{"rendered":"http:\/\/domainedeghanna.eu\/?page_id=2793"},"modified":"2023-07-06T07:52:56","modified_gmt":"2023-07-06T05:52:56","slug":"conditions-generales-2","status":"publish","type":"page","link":"https:\/\/domainedeghanna.be\/index.php\/conditions-generales-2\/","title":{"rendered":"Conditions g\u00e9n\u00e9rales"},"content":{"rendered":"<div class=\"wp-block-image\">\n<figure class=\"aligncenter\"><img decoding=\"async\" src=\"https:\/\/www.zoopsy.com\/images\/articles\/chien_livres.jpg\" alt=\"Librairie, livres sur le comportement du chien et du chat, \u00e9ducation du  chien - Zoopsy\"\/><\/figure>\n<\/div>\n\n<h4><span style=\"color: #99cc00;\">Merci d\u2019avance de lire les conditions avant de nager avec votre chien.<\/span><\/h4>\n<h5>1. Le chien devra \u00eatre en ordre de vaccination de tous les vaccins de base y compris la toux du chenil. Le carnet sera demand\u00e9 \u00e0 l\u2019arriv\u00e9e.<\/h5>\n<h5>2. Le chien devra avoir \u00e9t\u00e9 promen\u00e9 et devra faire ses besoins avant sa s\u00e9ance de nage. <br \/>En cas d\u2019apr\u00e8s-midi ou de journ\u00e9e compl\u00e8te, le ma\u00eetre s\u2019engage \u00e0 sortir son chien (en dehors de l\u2019endroit destin\u00e9 au bassin) afin qu\u2019il puisse faire ses besoins.<\/h5>\n<h5>3. Pendant les minutes de pr\u00e9paration \u00e0 l\u2019arriv\u00e9e, votre chien sera obligatoirement rinc\u00e9 avant de rentrer dans le bassin.<br \/>Une douche solaire est \u00e0 disposition \u00e0 c\u00f4t\u00e9 du bassin.<\/h5>\n<h5>4. Les ma\u00eetres devront avoir pr\u00e9par\u00e9 des essuies afin de se s\u00e9cher et de s\u00e9cher leur chien apr\u00e8s la s\u00e9ance de nage.<\/h5>\n<h5>5. Le ma\u00eetre devra avertir les responsables du Domaine si le chien n\u2019a jamais nag\u00e9. <br \/>Un professionnel est toujours \u00e0 vos c\u00f4t\u00e9s pour vous expliquer comment mettre le chien \u00e0 l\u2019eau lors des 10 minutes de pr\u00e9paration \u00e0 l\u2019arriv\u00e9e.<\/h5>\n<h5>6. Le chien ne doit pas manger avant sa s\u00e9ance de nage.<\/h5>\n<h5>7. L\u2019acc\u00e8s au bassin est interdit aux femelles en chaleur.<\/h5>\n<h5>8. Le pique-nique est autoris\u00e9 aux abords du bassin mais est strictement interdit dans l\u2019eau. <br \/>Les ma\u00eetres sont pri\u00e9s de maintenir l\u2019endroit en ordre et en parfait \u00e9tat de propret\u00e9.<\/h5>\n<h5>9. Les responsables du Domaine se r\u00e9servent le droit d\u2019autoriser l\u2019acc\u00e8s au bassin en fonction de l\u2019\u00e9tat de sant\u00e9 et de propret\u00e9 du chien.<\/h5>\n<h5>10. Toute d\u00e9gradation sera factur\u00e9e \u00e0 charge du ma\u00eetre qui s\u2019en est rendu responsable.<\/h5>\n<h5>11. Les ma\u00eetres devront porter un maillot de bain de type classique, exclusivement r\u00e9serv\u00e9 \u00e0 cet effet, compatible avec l\u2019hygi\u00e8ne. Nous acceptons les combinaisons, les t-shirts et shorts.<br \/>Nous vous conseillons \u00e9galement de vous munir de sandales pour pouvoir marcher aux abords du bassin et pour aller dans le bassin.<\/h5>\n<h5>12. Il est interdit de fumer ou de boire de l\u2019alcool aux abords et dans le bassin.<\/h5>\n<h5>13. Afin de garantir la s\u00e9curit\u00e9, les ma\u00eetres veilleront \u00e0 se comporter de mani\u00e8re responsable et s\u2019assureront que leur comportement ne constitue en aucun cas un danger pour le chien.<\/h5>\n<h5>14. Les responsables du Domaine d\u00e9clinent toute responsabilit\u00e9 en cas d\u2019accident.<br \/>Chaque ma\u00eetre est responsable de son chien durant la s\u00e9ance de nage.<\/h5>\n<h5>15. La cr\u00e8me solaire est interdite dans le bassin. Il faudra donc se doucher avant de rentrer dans celui-ci. <br \/>Une douche solaire est \u00e0 votre disposition \u00e0 c\u00f4t\u00e9 du bassin.<br \/>La cr\u00e8me solaire contenant du phosphate, cela peut perturber la vie des bact\u00e9ries utiles pour la filtration.<\/h5>\n<h5>16. Il est possible de louer un gilet de flottaison (25 euros dont 20 euros de caution).<br \/>La caution sera restitu\u00e9e au client lors du retour du gilet, sauf dans le cas de d\u00e9gradation du mat\u00e9riel.<\/h5>\n<h5>17. Interdiction au ma\u00eetre et au chien de se promener dans le lagunage afin de pr\u00e9server les plantes.<\/h5>\n<h5>18. Si votre chien est gourmand et\/ou tr\u00e8s joueur, vous pouvez prendre des friandises et\/ou des jouets pour le stimuler \u00e0 aller dans le bassin.<\/h5>\n<h5>19. Toute s\u00e9ance r\u00e9serv\u00e9e est due. Et ce, m\u00eame si votre chien refuse d&rsquo;aller dans l&rsquo;eau.<\/h5>\n<h4><span style=\"color: #99cc00;\"><strong>Pour profiter d&rsquo;une s\u00e9ance de nage, vous acceptez sans r\u00e9serve toutes les conditions indiqu\u00e9es.<\/strong><\/span><\/h4>\n<p>\u00a0<\/p>\n\n\n<p><\/p>\n","protected":false},"excerpt":{"rendered":"<p>Merci d\u2019avance de lire les conditions avant de nager avec votre chien. 1. Le chien devra \u00eatre en ordre de &hellip; <\/p>\n","protected":false},"author":2,"featured_media":0,"parent":0,"menu_order":0,"comment_status":"closed","ping_status":"closed","template":"","meta":{"footnotes":""},"class_list":["post-2793","page","type-page","status-publish","hentry"],"_links":{"self":[{"href":"https:\/\/domainedeghanna.be\/index.php\/wp-json\/wp\/v2\/pages\/2793","targetHints":{"allow":["GET"]}}],"collection":[{"href":"https:\/\/domainedeghanna.be\/index.php\/wp-json\/wp\/v2\/pages"}],"about":[{"href":"https:\/\/domainedeghanna.be\/index.php\/wp-json\/wp\/v2\/types\/page"}],"author":[{"embeddable":true,"href":"https:\/\/domainedeghanna.be\/index.php\/wp-json\/wp\/v2\/users\/2"}],"replies":[{"embeddable":true,"href":"https:\/\/domainedeghanna.be\/index.php\/wp-json\/wp\/v2\/comments?post=2793"}],"version-history":[{"count":6,"href":"https:\/\/domainedeghanna.be\/index.php\/wp-json\/wp\/v2\/pages\/2793\/revisions"}],"predecessor-version":[{"id":4359,"href":"https:\/\/domainedeghanna.be\/index.php\/wp-json\/wp\/v2\/pages\/2793\/revisions\/4359"}],"wp:attachment":[{"href":"https:\/\/domainedeghanna.be\/index.php\/wp-json\/wp\/v2\/media?parent=2793"}],"curies":[{"name":"wp","href":"https:\/\/api.w.org\/{rel}","templated":true}]}}