{"id":2782,"date":"2019-04-19T11:18:39","date_gmt":"2019-04-19T09:18:39","guid":{"rendered":"http:\/\/domainedeghanna.eu\/?page_id=2782"},"modified":"2025-07-13T08:05:31","modified_gmt":"2025-07-13T06:05:31","slug":"notre-bassin","status":"publish","type":"page","link":"https:\/\/domainedeghanna.be\/index.php\/notre-bassin\/","title":{"rendered":"Notre bassin"},"content":{"rendered":"\n<div class=\"wp-block-media-text alignwide is-stacked-on-mobile\"><figure class=\"wp-block-media-text__media\"><video controls src=\"http:\/\/domainedeghanna.be\/wp-content\/uploads\/2020\/09\/10000000_1248557842173890_7191535993302510625_n.mp4\"><\/video><\/figure><div class=\"wp-block-media-text__content\">\n<p class=\"has-large-font-size\">Sa\u00efa, Chien d&rsquo;eau portugais, nage avec sa ma\u00eetresse !<\/p>\n<\/div><\/div>\n\n\n<h2><span style=\"color: #99cc00;\"><br \/>Un concept Fun&amp;Splash unique en Belgique !<br \/><\/span><\/h2>\n<h5>Notre bassin naturel a \u00e9t\u00e9 con\u00e7u pour que les couples ma\u00eetres\/chiens puissent profiter de s\u00e9ances de baignade lors des vacances d\u2019\u00e9t\u00e9\u00a0!<br \/>Des s\u00e9ances compl\u00e9tement Fun &amp; Splash pour le plaisir de tous\u00a0!<\/h5>\n<h5>Nous vous proposons un moment inoubliable en profitant d\u2019un moment de nage avec votre fid\u00e8le compagnon ou simplement pour faire une premi\u00e8re approche ou pour apprendre \u00e0 votre chien \u00e0 nager\u00a0: Et oui, tous les chiens ne savent pas nager\u00a0!<\/h5>\n<h5>La nage est une activit\u00e9 physique excellente, une fatigue saine mais aussi un moment de complicit\u00e9 inoubliable\u00a0!<\/h5>\n<h5>Notre concept, une baignade proche de la nature o\u00f9 le pouvoir des plantes pourront rendre votre baignade limpide et sans aucune utilisation de produit chimique n\u00e9faste pour la sant\u00e9.<br \/>Votre chien boit la tasse\u00a0? Aucun probl\u00e8me\u00a0! Notre eau est potable \u00e0 99,9%\u00a0!<\/h5>\n<h5>Gr\u00e2ce \u00e0 l\u2019absence de chlore, cette eau ne provoquera aucune irritation et aucune allergie\u00a0!<\/h5>\n<h5>Si vous aimez la nature, notre bassin vous fera faire de belles rencontres\u00a0: petites grenouilles et libellules\u2026<\/h5>\n<h5>Notre bassin fait 8m sur 4m et 1m30 de profondeur. Il poss\u00e8de une rampe douce et est chauff\u00e9.\u00a0<\/h5>\n<h5>Le bassin ouvre ses portes de d\u00e9but juin \u00e0 mi-octobre pour profiter d\u2019un \u00e9t\u00e9 compl\u00e8tement WOUF\u00a0!<\/h5>\n<h5>Le bassin est accessible sur rendez-vous et sera enti\u00e8rement privatis\u00e9 pour encore plus de plaisir\u00a0!<\/h5>\n\n\n<figure class=\"wp-block-gallery has-nested-images columns-default is-cropped wp-block-gallery-1 is-layout-flex wp-block-gallery-is-layout-flex\">\n<figure class=\"wp-block-image size-large\"><img loading=\"lazy\" decoding=\"async\" width=\"720\" height=\"960\" data-id=\"3140\" src=\"https:\/\/domainedeghanna.be\/wp-content\/uploads\/2019\/05\/59750499_2223533347734293_1186641237013168128_n.jpg\" alt=\"\" class=\"wp-image-3140\" srcset=\"https:\/\/domainedeghanna.be\/wp-content\/uploads\/2019\/05\/59750499_2223533347734293_1186641237013168128_n.jpg 720w, https:\/\/domainedeghanna.be\/wp-content\/uploads\/2019\/05\/59750499_2223533347734293_1186641237013168128_n-113x150.jpg 113w, https:\/\/domainedeghanna.be\/wp-content\/uploads\/2019\/05\/59750499_2223533347734293_1186641237013168128_n-225x300.jpg 225w\" sizes=\"auto, (max-width: 720px) 100vw, 720px\" \/><\/figure>\n\n\n\n<figure class=\"wp-block-image size-large\"><img loading=\"lazy\" decoding=\"async\" width=\"715\" height=\"960\" data-id=\"3184\" src=\"https:\/\/domainedeghanna.be\/wp-content\/uploads\/2019\/06\/65309486_2315748748512752_4944315387073265664_n.jpg\" alt=\"\" class=\"wp-image-3184\" srcset=\"https:\/\/domainedeghanna.be\/wp-content\/uploads\/2019\/06\/65309486_2315748748512752_4944315387073265664_n.jpg 715w, https:\/\/domainedeghanna.be\/wp-content\/uploads\/2019\/06\/65309486_2315748748512752_4944315387073265664_n-112x150.jpg 112w, https:\/\/domainedeghanna.be\/wp-content\/uploads\/2019\/06\/65309486_2315748748512752_4944315387073265664_n-223x300.jpg 223w\" sizes=\"auto, (max-width: 715px) 100vw, 715px\" \/><\/figure>\n<\/figure>\n","protected":false},"excerpt":{"rendered":"<p>Sa\u00efa, Chien d&rsquo;eau portugais, nage avec sa ma\u00eetresse ! Un concept Fun&amp;Splash unique en Belgique ! Notre bassin naturel a &hellip; <\/p>\n","protected":false},"author":2,"featured_media":0,"parent":0,"menu_order":0,"comment_status":"closed","ping_status":"closed","template":"","meta":{"footnotes":""},"class_list":["post-2782","page","type-page","status-publish","hentry"],"_links":{"self":[{"href":"https:\/\/domainedeghanna.be\/index.php\/wp-json\/wp\/v2\/pages\/2782","targetHints":{"allow":["GET"]}}],"collection":[{"href":"https:\/\/domainedeghanna.be\/index.php\/wp-json\/wp\/v2\/pages"}],"about":[{"href":"https:\/\/domainedeghanna.be\/index.php\/wp-json\/wp\/v2\/types\/page"}],"author":[{"embeddable":true,"href":"https:\/\/domainedeghanna.be\/index.php\/wp-json\/wp\/v2\/users\/2"}],"replies":[{"embeddable":true,"href":"https:\/\/domainedeghanna.be\/index.php\/wp-json\/wp\/v2\/comments?post=2782"}],"version-history":[{"count":6,"href":"https:\/\/domainedeghanna.be\/index.php\/wp-json\/wp\/v2\/pages\/2782\/revisions"}],"predecessor-version":[{"id":4452,"href":"https:\/\/domainedeghanna.be\/index.php\/wp-json\/wp\/v2\/pages\/2782\/revisions\/4452"}],"wp:attachment":[{"href":"https:\/\/domainedeghanna.be\/index.php\/wp-json\/wp\/v2\/media?parent=2782"}],"curies":[{"name":"wp","href":"https:\/\/api.w.org\/{rel}","templated":true}]}}