{"id":2588,"date":"2019-04-16T16:00:10","date_gmt":"2019-04-16T14:00:10","guid":{"rendered":"http:\/\/domainedeghanna.eu\/?page_id=2588"},"modified":"2025-11-10T17:24:26","modified_gmt":"2025-11-10T16:24:26","slug":"horaires-tarifs","status":"publish","type":"page","link":"https:\/\/domainedeghanna.be\/index.php\/horaires-tarifs\/","title":{"rendered":"Horaires &#038; Tarifs"},"content":{"rendered":"<h1><span style=\"color: #99cc00;\">Nos horaires<\/span><\/h1>\n\n\n<figure class=\"wp-block-table is-style-stripes\"><table><thead><tr><th class=\"has-text-align-center\" data-align=\"center\">Lundi<\/th><th>Mardi            <\/th><th class=\"has-text-align-center\" data-align=\"center\">Mercredi<\/th><th class=\"has-text-align-center\" data-align=\"center\">Jeudi<\/th><th class=\"has-text-align-center\" data-align=\"center\">Vendredi<\/th><th class=\"has-text-align-center\" data-align=\"center\">Samedi<\/th><\/tr><\/thead><tbody><tr><td class=\"has-text-align-center\" data-align=\"center\">9h00 \u00e0 11h45<br>14h00 \u00e0 15h00<br> 16h00 \u00e0 17h45<\/td><td>9h00 \u00e0 11h45<br>16h00 \u00e0 17h45<\/td><td class=\"has-text-align-center\" data-align=\"center\">9h00 \u00e0 11h45<br><\/td><td class=\"has-text-align-center\" data-align=\"center\">9h00 \u00e0 11h45<br>14h00 \u00e0 15h00<br> 16h00 \u00e0 17h45<\/td><td class=\"has-text-align-center\" data-align=\"center\">9h00 \u00e0 11h45<br>14h00 \u00e0 15h00 <br>16h00 \u00e0 17h45<\/td><td class=\"has-text-align-center\" data-align=\"center\">9h00 \u00e0 11h45<br>14h00 \u00e0 15h00 <br>16h00 \u00e0 17h45<\/td><\/tr><\/tbody><\/table><\/figure>\n\n\n<h5 style=\"text-align: center;\">Ferm\u00e9 les dimanches et les jours f\u00e9ri\u00e9s.<\/h5>\n<h5 style=\"text-align: left;\"><span style=\"font-family: 'Times New Roman'; color: #e02b20;\"><strong>LES HORAIRES POUR LES F\u00caTES :<\/strong><\/span><br \/><span style=\"font-family: 'Times New Roman';\">Le 24 d\u00e9cembre et\u00a025 d\u00e9cembre :\u00a0Le domaine n&rsquo;accepte ni les entr\u00e9es, ni les sorties.<\/span><br \/><strong><span style=\"font-family: 'Times New Roman';\">Le 31 d\u00e9cembre et le 01 janvier : Le domaine n&rsquo;accepte ni les entr\u00e9es, ni les sorties.<\/span><\/strong><\/h5>\n<h5>Pour consacrer un maximum de temps aux pensionnaires et \u00e9viter d\u2019interrompre une s\u00e9ance de jeux ou de soins, <span style=\"color: #800000;\">nous n&rsquo;acceptons plus les visites \u00ab\u00a0surprises\u00a0\u00bb sans rendez-vous.<\/span><\/h5>\n<h1><span style=\"color: #99cc00;\">Nos tarifs<br \/><\/span><\/h1>\n<h5>La nourriture est comprise dans les prix indiqu\u00e9s<br \/>Mini, Medium, Maxi &amp; Giant = poids de l&rsquo;animal \u00e0 l&rsquo;\u00e2ge adulte<span style=\"font-size: revert; text-align: right;\">\u00a0<\/span><\/h5>\n\n\n<figure class=\"wp-block-table is-style-stripes\"><table><thead><tr><th>Poids<\/th><th class=\"has-text-align-center\" data-align=\"center\">Membre<\/th><th class=\"has-text-align-center\" data-align=\"center\">Non-membre<\/th><\/tr><\/thead><tbody><tr><td>Mini &amp; Medium<br>(1 \u00e0 20kg)<\/td><td class=\"has-text-align-center\" data-align=\"center\">Basse saison<br>21 \u20ac<br>Haute saison <br>22 \u20ac<\/td><td class=\"has-text-align-center\" data-align=\"center\">Basse saison<br>22 \u20ac<br>Haute saison <br>23 \u20ac<\/td><\/tr><tr><td>Maxi <br>(20kg \u00e0 40kg)<\/td><td class=\"has-text-align-center\" data-align=\"center\">Basse saison<br>24 \u20ac<br>Haute saison <br>25 \u20ac<\/td><td class=\"has-text-align-center\" data-align=\"center\">Basse saison<br>25 \u20ac<br>Haute saison <br>26 \u20ac<\/td><\/tr><tr><td>Giant<br>(40 \u00e0 100kg)<\/td><td class=\"has-text-align-center\" data-align=\"center\">Basse saison<br>26 \u20ac<br>Haute saison <br>27 \u20ac<\/td><td class=\"has-text-align-center\" data-align=\"center\">Basse saison<br>27 \u20ac<br>Haute saison <br>28 \u20ac<\/td><\/tr><\/tbody><\/table><\/figure>\n\n\n<h5 class=\"p1\" style=\"text-align: left;\">Deux chiens et plus dans le m\u00eame emplacement (uniquement des chiens de la m\u00eame famille!) : R\u00e9duction de 2 \u20ac par jour et par chien<\/h5>\n<h3><strong><span style=\"color: #99cc00;\">Le tarif comprend :\u00a0<\/span><\/strong><\/h3>\n<h5>&#8211; L&rsquo;h\u00e9bergement en emplacement individuel ou par famille.<br \/>&#8211; Le chauffage en hiver et les brumisateurs en \u00e9t\u00e9 .<br \/>&#8211; L&rsquo;eau \u00e0 volont\u00e9.<br \/>&#8211; Les croquettes premium de la marque \u00ab\u00a0Eukanuba\u00a0\u00bb.<br \/>&#8211; Le nettoyage des affaires si n\u00e9cessaire.<br \/>&#8211; 20 \u00e0 30 minutes de sorties par 2x\/jour en enclos de d\u00e9foulement de 120m\u00b2.<br \/>&#8211; Des nouvelles de votre compagnon par sms ou messenger Facebook.<br \/>&#8211; Respect des besoins physiques et \u00e9motionnels de votre chien de part notre m\u00e9tier d&rsquo;\u00e9ducateur sp\u00e9cialis\u00e9 en r\u00e9\u00e9ducation comportementale<\/h5>\n<h3><strong><span style=\"color: #99cc00;\">Comment devenir membre?<\/span><br \/><\/strong><\/h3>\n<h5>Pour devenir membre, un cotisation de 60 euros vous sera demand\u00e9e.<br \/>Les ann\u00e9es suivantes, la cotisation ne s\u2019\u00e9l\u00e8vera plus qu\u2019a 50 euros.<\/h5>\n<h3><span style=\"color: #99cc00;\">Quels sont les avantages \u00e0 devenir membre ?<\/span><\/h3>\n<h5>\u2013 Tarifs r\u00e9duits sur les s\u00e9ances individuelles et les s\u00e9ances collectives<\/h5>\n<h5>\u2013 10% de r\u00e9duction sur les accessoires et 5% sur les snacks pour chiens dans les Poils&amp;Plumes de la r\u00e9gion !\u00a0<\/h5>\n<h5>\u2013 10 euros de r\u00e9duction sur une s\u00e9ance dans notre bassin naturel<\/h5>\n<h5>\u2013 Tarifs r\u00e9duits sur les s\u00e9jours en pension\u00a0<\/h5>","protected":false},"excerpt":{"rendered":"<p>Nos horaires Lundi Mardi Mercredi Jeudi Vendredi Samedi 9h00 \u00e0 11h4514h00 \u00e0 15h00 16h00 \u00e0 17h45 9h00 \u00e0 11h4516h00 \u00e0 &hellip; <\/p>\n","protected":false},"author":2,"featured_media":0,"parent":0,"menu_order":0,"comment_status":"closed","ping_status":"closed","template":"","meta":{"footnotes":""},"class_list":["post-2588","page","type-page","status-publish","hentry"],"_links":{"self":[{"href":"https:\/\/domainedeghanna.be\/index.php\/wp-json\/wp\/v2\/pages\/2588","targetHints":{"allow":["GET"]}}],"collection":[{"href":"https:\/\/domainedeghanna.be\/index.php\/wp-json\/wp\/v2\/pages"}],"about":[{"href":"https:\/\/domainedeghanna.be\/index.php\/wp-json\/wp\/v2\/types\/page"}],"author":[{"embeddable":true,"href":"https:\/\/domainedeghanna.be\/index.php\/wp-json\/wp\/v2\/users\/2"}],"replies":[{"embeddable":true,"href":"https:\/\/domainedeghanna.be\/index.php\/wp-json\/wp\/v2\/comments?post=2588"}],"version-history":[{"count":32,"href":"https:\/\/domainedeghanna.be\/index.php\/wp-json\/wp\/v2\/pages\/2588\/revisions"}],"predecessor-version":[{"id":4528,"href":"https:\/\/domainedeghanna.be\/index.php\/wp-json\/wp\/v2\/pages\/2588\/revisions\/4528"}],"wp:attachment":[{"href":"https:\/\/domainedeghanna.be\/index.php\/wp-json\/wp\/v2\/media?parent=2588"}],"curies":[{"name":"wp","href":"https:\/\/api.w.org\/{rel}","templated":true}]}}