{"id":2162,"date":"2019-04-12T14:36:24","date_gmt":"2019-04-12T12:36:24","guid":{"rendered":"http:\/\/domainedeghanna.eu\/?page_id=2162"},"modified":"2024-01-14T17:13:26","modified_gmt":"2024-01-14T16:13:26","slug":"toilettage","status":"publish","type":"page","link":"https:\/\/domainedeghanna.be\/index.php\/toilettage\/","title":{"rendered":"Toilettage"},"content":{"rendered":"\n<p><\/p>\n\n\n\n<figure class=\"wp-block-gallery has-nested-images columns-default is-cropped wp-block-gallery-1 is-layout-flex wp-block-gallery-is-layout-flex\">\n<figure class=\"wp-block-image size-full\"><img loading=\"lazy\" decoding=\"async\" width=\"713\" height=\"326\" data-id=\"4379\" src=\"https:\/\/domainedeghanna.be\/wp-content\/uploads\/2024\/01\/zou1.png\" alt=\"\" class=\"wp-image-4379\" srcset=\"https:\/\/domainedeghanna.be\/wp-content\/uploads\/2024\/01\/zou1.png 713w, https:\/\/domainedeghanna.be\/wp-content\/uploads\/2024\/01\/zou1-300x137.png 300w, https:\/\/domainedeghanna.be\/wp-content\/uploads\/2024\/01\/zou1-150x69.png 150w\" sizes=\"auto, (max-width: 713px) 100vw, 713px\" \/><\/figure>\n<\/figure>\n\n\n<h5>Le salon de toilettage du domaine, d\u00e9sormais nomm\u00e9 Zou &amp; Dogs, accueille vos chiens, de toutes tailles, dans un environnement doux et serein! \ud83e\udd70pour moi, le bien \u00eatre de vos compagnons est primordial, chaque toilettage est personnalis\u00e9 selon leurs besoins.\u00a0<\/h5>\n<h5>Nous travaillons avec des produits naturels et de qualit\u00e9 pour respecter la sant\u00e9 ainsi que la beaut\u00e9 du pelage de votre animal.\u00a0<\/h5>\n<h5>Nous utilisons toutes les techniques de toilettage en passant par la Tonte , coupe nounours , trimming pour les poils dur, coupe aux ciseaux , d\u00e9bourrage,\u2026 Tout est adapt\u00e9 en fonction de la race de votre chien\ud83d\udc36\u2702\ufe0f\ud83e\udee7<\/h5>\n<h3><span style=\"color: #99cc00;\"><strong>Toiletter son animal dans notre salon, c&rsquo;est la promesse :<\/strong><\/span><\/h3>\n<h5>&#8211; d&rsquo;un accueil chaleureux et souriant<br \/>&#8211; d&rsquo;un toilettage se d\u00e9roulant dans le calme et la douceur<br \/>&#8211; d&rsquo;utiliser des produits adapt\u00e9s mais surtout de qualit\u00e9 !<br \/>&#8211; de respecter votre compagnon, peu importe son stress, son impatience ou encore son temp\u00e9rament.<\/h5>\n<h3><span style=\"color: #99cc00;\">Nos petits plus ? :<\/span><\/h3>\n<h5>&#8211; Vous pouvez nous laisser votre animal en toute s\u00e9r\u00e9nit\u00e9 ou assister \u00e0 son toilettage dans l&rsquo;endroit pr\u00e9vu \u00e0 cet effet.<br \/>&#8211; Vous pouvez retrouver votre chien toilett\u00e9 apr\u00e8s un\u00a0<a href=\"..\/index.php?page=sujets&amp;id=1\">s\u00e9jour en pension<\/a>\u00a0au\u00a0<span style=\"color: #a4d46e;\"><strong>Domaine de Ghanna<\/strong><\/span><br \/>&#8211; Vous b\u00e9n\u00e9ficiez d&rsquo;un parking priv\u00e9 et facile d&rsquo;acc\u00e8s.<\/h5>\n<h5><strong>Notre toiletteuse reste \u00e0 votre disposition si vous avez des questions ou besoin de conseils.<\/strong><\/h5>\n<h2 style=\"text-align: center;\">Vous voulez prendre un rendez-vous ?\u00a0<br \/>Contactez notre toiletteuse au 0474\/16.80.12<br \/>Ou via notre plateforme en ligne : <a href=\"https:\/\/domainedeghanna.be\/index.php\/reservation-en-ligne\/\">CLIQUEZ ICI<\/a><\/h2>\n<h2><span style=\"color: #99cc00;\">Horaires\u00a0<\/span><\/h2>\n\n\n<figure class=\"wp-block-table is-style-stripes\"><table><thead><tr><th class=\"has-text-align-center\" data-align=\"center\">Lundi<\/th><th class=\"has-text-align-center\" data-align=\"center\">Mardi<\/th><th class=\"has-text-align-center\" data-align=\"center\">Mercredi<\/th><th class=\"has-text-align-center\" data-align=\"center\">Jeudi <\/th><th class=\"has-text-align-center\" data-align=\"center\">Vendredi<\/th><th class=\"has-text-align-center\" data-align=\"center\">Samedi<\/th><th class=\"has-text-align-center\" data-align=\"center\">Dimanche<\/th><\/tr><\/thead><tbody><tr><td class=\"has-text-align-center\" data-align=\"center\">9h00 \u00e0 12h30 <br>13h15 \u00e0 18h00<\/td><td class=\"has-text-align-center\" data-align=\"center\">9h00 \u00e0 12h30 <br>13h15 \u00e0 18h00<\/td><td class=\"has-text-align-center\" data-align=\"center\">9h00 \u00e0 12h30 <br>13h15 \u00e0 18h00<\/td><td class=\"has-text-align-center\" data-align=\"center\">\/<\/td><td class=\"has-text-align-center\" data-align=\"center\">9h00 \u00e0 12h30 <br>13h15 \u00e0 18h00<\/td><td class=\"has-text-align-center\" data-align=\"center\">9h00 \u00e0 12h30 <br>13h15 \u00e0 18h00<\/td><td class=\"has-text-align-center\" data-align=\"center\">\/<\/td><\/tr><\/tbody><\/table><\/figure>\n\n\n\n<figure class=\"wp-block-table alignleft\"><table><tbody><tr><td><\/td><td><strong>Petit chien<\/strong><\/td><td><strong>Moyen chien<\/strong><\/td><td><strong>Grand chien<\/strong><\/td><td><strong>G\u00e9ant chien<\/strong><\/td><\/tr><tr><td><strong>Coupe nounours :<\/strong><br>(Coton de Tulear, Labradoodle, Lhassa Apso,&#8230;)<\/td><td>50\u20ac<\/td><td>60\u20ac<\/td><td>95\u20ac<\/td><td><\/td><\/tr><tr><td><strong>Coupe courte :<\/strong><br>(Chien d&rsquo;eau portugais, Bichon, Yorshire,&#8230;)<\/td><td>50\u20ac<\/td><td>60\u20ac<\/td><td>95\u20ac<\/td><td><\/td><\/tr><tr><td><strong>Coupe Ciseaux : <\/strong><br>(Shih-Tzu, Bichon, Cocker,&#8230;)<\/td><td>50\u20ac<\/td><td>70\u20ac<\/td><td>120\u20ac<\/td><td><\/td><\/tr><tr><td><strong>Trimming :<\/strong><br>(Teckel \u00e0 poil dur, Border terrier, Jack russel,&#8230;)<\/td><td>60\u20ac<\/td><td>70\u20ac<\/td><td>105\u20ac<\/td><td><\/td><\/tr><tr><td><strong>D\u00e9m\u00ealage \/ d\u00e9bourrage :<\/strong><br>(Berger australier, Golden Retriever, Husky,&#8230;)<\/td><td>50\u20ac<\/td><td>60\u20ac<\/td><td>80\u20ac<\/td><td>90\u20ac<\/td><\/tr><tr><td><strong>Poil ras \/ retrait du poil mort :<\/strong> <br>(Bouledogue, Labrador, Boxer,&#8230;)<\/td><td>40\u20ac<\/td><td>50\u20ac<\/td><td>70\u20ac<\/td><td>80\u20ac<\/td><\/tr><\/tbody><\/table><figcaption class=\"wp-element-caption\">\u27a1\ufe0fCes tarifs comprennent le bain \/ s\u00e9chage \/ d\u00e9m\u00ealage \/ entretient de l\u2019hygi\u00e8ne \/ la coupe , finitions ciseaux, soin des oreilles \/ coupe des ongles &nbsp;<br><br>Tous les tarifs sont \u00e0 titre indicatifs et sont susceptibles de varier selon l\u2019\u00e9tat et le gabarit du chien.&nbsp;<\/figcaption><\/figure>\n","protected":false},"excerpt":{"rendered":"<p>Le salon de toilettage du domaine, d\u00e9sormais nomm\u00e9 Zou &amp; Dogs, accueille vos chiens, de toutes tailles, dans un environnement &hellip; <\/p>\n","protected":false},"author":2,"featured_media":0,"parent":0,"menu_order":0,"comment_status":"closed","ping_status":"closed","template":"","meta":{"footnotes":""},"class_list":["post-2162","page","type-page","status-publish","hentry"],"_links":{"self":[{"href":"https:\/\/domainedeghanna.be\/index.php\/wp-json\/wp\/v2\/pages\/2162","targetHints":{"allow":["GET"]}}],"collection":[{"href":"https:\/\/domainedeghanna.be\/index.php\/wp-json\/wp\/v2\/pages"}],"about":[{"href":"https:\/\/domainedeghanna.be\/index.php\/wp-json\/wp\/v2\/types\/page"}],"author":[{"embeddable":true,"href":"https:\/\/domainedeghanna.be\/index.php\/wp-json\/wp\/v2\/users\/2"}],"replies":[{"embeddable":true,"href":"https:\/\/domainedeghanna.be\/index.php\/wp-json\/wp\/v2\/comments?post=2162"}],"version-history":[{"count":15,"href":"https:\/\/domainedeghanna.be\/index.php\/wp-json\/wp\/v2\/pages\/2162\/revisions"}],"predecessor-version":[{"id":4393,"href":"https:\/\/domainedeghanna.be\/index.php\/wp-json\/wp\/v2\/pages\/2162\/revisions\/4393"}],"wp:attachment":[{"href":"https:\/\/domainedeghanna.be\/index.php\/wp-json\/wp\/v2\/media?parent=2162"}],"curies":[{"name":"wp","href":"https:\/\/api.w.org\/{rel}","templated":true}]}}