{"id":2160,"date":"2019-04-12T14:36:24","date_gmt":"2019-04-12T12:36:24","guid":{"rendered":"http:\/\/domainedeghanna.eu\/?page_id=2160"},"modified":"2020-09-21T11:43:10","modified_gmt":"2020-09-21T09:43:10","slug":"canicross","status":"publish","type":"page","link":"https:\/\/domainedeghanna.be\/index.php\/canicross\/","title":{"rendered":"Canicross"},"content":{"rendered":"<h3><span style=\"color: #99cc00;\"><strong style=\"font-size: inherit;\">Le canicross, qu&rsquo;est-ce que c&rsquo;est ?<\/strong><\/span><\/h3>\n<h5>Le Canicross est un sport canin qui renforce la complicit\u00e9 en alliant l\u2019effort canin \u00e0 l\u2019effort humain.<br \/>Le principe est simple, aller le plus vite possible ensemble, en respectant l&rsquo;allure du chien et le chien lui m\u00eame.<\/h5>\n<h5>Le chien doit \u00eatre muni d&rsquo;un harnais reli\u00e9 \u00e0 son ma\u00eetre par une ligne de trait \u00e9lastique de 2 m\u00e8tres, extensible, attach\u00e9e \u00e0 une ceinture pour amortir les chocs.<\/h5>\n<h5>Cette discipline est accessible \u00e0 toutes les races de chien. La seule condition est que le chien soit \u00e2g\u00e9\u00a0<span style=\"text-decoration: underline;\">au minimum de 12 mois.<\/span><\/h5>\n<h3 class=\"texte\"><span style=\"color: #99cc00;\"><strong>Pour pratiquer le canicross, le mat\u00e9riel indiqu\u00e9 :<\/strong><\/span><\/h3>\n<h5><strong>Pour le ma\u00eetre\u00a0:<\/strong><\/h5>\n<h5>&#8211; Une ceinture (large dans le dos pour \u00e9viter les douleurs) ou un baudrier<br \/>&#8211; Une ligne de trait (laisse \u00e9lastique)<br \/>&#8211; Des chaussures de trail (avec des dessins profonds pour bien adh\u00e9rer au sol)<\/h5>\n<h5><strong>Pour le chien\u00a0:<\/strong><\/h5>\n<h5>&#8211; un harnais adapt\u00e9 (d\u00e9pend de la morphologie du chien).<\/h5>\n<h3><span style=\"color: #99cc00;\"><strong>Les vaccins :<\/strong><\/span><\/h3>\n<h5>Pour la s\u00e9curit\u00e9 de votre chien, il sera vaccin\u00e9 contre la maladie de Carr\u00e9, l&rsquo;h\u00e9patite virale, la leptospirose, la parvovirose.\u00a0<br \/>Le vaccin contre la toux du chenil est conseill\u00e9.<\/h5>\n<h3><span style=\"color: #99cc00;\"><strong>Contact :<\/strong><\/span><\/h3>\n<h5><strong>Baelus Sarah<\/strong><br \/><a href=\"mailto:baelus.sarah@hotmail.com\">baelus.sarah@hotmail.com<\/a><br \/>0471\/58.37.63<\/h5>\n\n\n<figure class=\"wp-block-video aligncenter\"><video height=\"640\" style=\"aspect-ratio: 640 \/ 640;\" width=\"640\" controls src=\"http:\/\/domainedeghanna.be\/wp-content\/uploads\/2020\/09\/119713719_606665726676131_5604868491554868147_n-1.mp4\"><\/video><\/figure>\n","protected":false},"excerpt":{"rendered":"<p>Le canicross, qu&rsquo;est-ce que c&rsquo;est ? Le Canicross est un sport canin qui renforce la complicit\u00e9 en alliant l\u2019effort canin &hellip; <\/p>\n","protected":false},"author":2,"featured_media":0,"parent":0,"menu_order":0,"comment_status":"closed","ping_status":"closed","template":"","meta":{"footnotes":""},"class_list":["post-2160","page","type-page","status-publish","hentry"],"_links":{"self":[{"href":"https:\/\/domainedeghanna.be\/index.php\/wp-json\/wp\/v2\/pages\/2160","targetHints":{"allow":["GET"]}}],"collection":[{"href":"https:\/\/domainedeghanna.be\/index.php\/wp-json\/wp\/v2\/pages"}],"about":[{"href":"https:\/\/domainedeghanna.be\/index.php\/wp-json\/wp\/v2\/types\/page"}],"author":[{"embeddable":true,"href":"https:\/\/domainedeghanna.be\/index.php\/wp-json\/wp\/v2\/users\/2"}],"replies":[{"embeddable":true,"href":"https:\/\/domainedeghanna.be\/index.php\/wp-json\/wp\/v2\/comments?post=2160"}],"version-history":[{"count":5,"href":"https:\/\/domainedeghanna.be\/index.php\/wp-json\/wp\/v2\/pages\/2160\/revisions"}],"predecessor-version":[{"id":4013,"href":"https:\/\/domainedeghanna.be\/index.php\/wp-json\/wp\/v2\/pages\/2160\/revisions\/4013"}],"wp:attachment":[{"href":"https:\/\/domainedeghanna.be\/index.php\/wp-json\/wp\/v2\/media?parent=2160"}],"curies":[{"name":"wp","href":"https:\/\/api.w.org\/{rel}","templated":true}]}}