{"id":2159,"date":"2019-04-12T14:36:24","date_gmt":"2019-04-12T12:36:24","guid":{"rendered":"http:\/\/domainedeghanna.eu\/?page_id=2159"},"modified":"2023-03-26T20:55:25","modified_gmt":"2023-03-26T18:55:25","slug":"clicker-training","status":"publish","type":"page","link":"https:\/\/domainedeghanna.be\/index.php\/clicker-training\/","title":{"rendered":"Clicker Training"},"content":{"rendered":"<h2><span style=\"color: #99cc00;\"><strong>Cliquer pour mieux communiquer&nbsp;<\/strong><\/span><\/h2>\n<h5>Le clicker training est bas\u00e9e sur des recherches scientifiques telles que le conditionnement classique (Dr. Ivan Pavlov 1905) et le conditionnement op\u00e9rant (Dr. B.F. Skinner 1938).<br>Le clicker est une petite bo\u00eete, qui fait un bruit m\u00e9tallique lorsqu&rsquo;on appuie dessus (Clic-clac). C&rsquo;est un moyen de communication entre vous et votre chien et une m\u00e9thode d&rsquo;apprentissage incroyable !<\/h5>\n<h5>Ce clicker va donc \u00eatre un marqueur de comportement, qui va mettre en valeur les capacit\u00e9s cognitives de votre compagnon.<br>Avec le clicker training, nous donnons envie au chien d&rsquo;apprendre et nous l&rsquo;encourageons \u00e0 faire preuve d&rsquo;initiative.<br>Lors de r\u00e9\u00e9ducation comportementale, le clicker am\u00e8ne le chien \u00e0 prendre des d\u00e9cisions sur la mani\u00e8re dont il se comporte et lui apprend \u00e0 g\u00e9rer ses \u00e9motions.<\/h5>\n<h5>C&rsquo;est une m\u00e9thode qui demande une certaine rigueur, de l&rsquo;investissement et de la coh\u00e9rence mais qui vaut vraiment le d\u00e9tour !<br>Vous ne verrez plus jamais l&rsquo;\u00e9ducation de la m\u00eame fa\u00e7on.<\/h5>\n<h5><span style=\"color: #99cc00;\"><strong>Comment commencer? Comment \u00e7a fonctionne ?<\/strong><\/span><\/h5>\n<h5>1. Charger le clicker : Le chien associe le clic avec une r\u00e9compense.<br>2. Amorcer le clicker : Le chien r\u00e9p\u00e8te le comportement pour d\u00e9clencher lui-m\u00eame le clic et avoir sa r\u00e9compense.<\/h5>\n<h5><span style=\"color: #99cc00;\"><strong>Les diff\u00e9rentes techniques d\u2019apprentissage au clicker<br><\/strong><\/span><br><strong>1. Le leurre :<\/strong>&nbsp;la r\u00e9compense est utilis\u00e9e pour guider vers le comportement souhait\u00e9.<br><strong>2. Le shaping ou fa\u00e7onnage :<\/strong>&nbsp;il s\u2019agit de cliquer chaque attitude se rapprochant du comportement d\u00e9sir\u00e9.<br><strong>3. La capture :<\/strong>&nbsp;il s&rsquo;agit de cliquer un comportement propos\u00e9 spontan\u00e9ment par le chien.<\/h5>\n<h5>Le clicker training peut vous \u00eatre enseign\u00e9 en&nbsp;<a href=\"http:\/\/domainedeghanna.be\/index.php\/seances-individuelles\/\">s\u00e9ances individuelles<\/a>&nbsp;:<\/h5>\n<h3><span style=\"color: #99cc00;\"><strong>Pour de l&rsquo;ob\u00e9issance de base&#8230;<\/strong><\/span><\/h3>\n\n\n<p><\/p>\n\n\n\n<div class=\"wp-block-media-text alignwide is-stacked-on-mobile\"><figure class=\"wp-block-media-text__media\"><video controls src=\"http:\/\/domainedeghanna.be\/wp-content\/uploads\/2020\/09\/10000000_319617189271709_7399796148902767352_n.mp4\"><\/video><\/figure><div class=\"wp-block-media-text__content\">\n<p class=\"has-large-font-size\">Les d\u00e9buts d&rsquo;une marche au pied&#8230; Un trick \u00e0 part enti\u00e8re !<\/p>\n<\/div><\/div>\n\n\n<h5>Apprenez \u00e0 votre chien les ordres bases tels que assis, couch\u00e9, reste ou encore le rappel.<br>Rendez votre chien coop\u00e9ratif et prenez ensemble du plaisir \u00e0 travers l&rsquo;ob\u00e9issance !<\/h5>\n<h3><span style=\"color: #99cc00;\">Pour de la r\u00e9\u00e9ducation comportementale&#8230;<\/span><\/h3>\n<h5>Le clicker est un outil merveilleux lors de la r\u00e9\u00e9ducation comportementale.<br>Il permet de solidifier la relation que vous entretenez avec votre chien, de le guider dans ses d\u00e9cisions et de l&rsquo;encourager \u00e0 r\u00e9flechir sur ses actes.<\/h5>\n<h5>En effet, le clicker sera enclench\u00e9 pour amener le chien vers des objectifs, ce qui le pousse \u00e0 r\u00e9flechir sur ses comportements et surtout \u00e0 les modifier.<\/h5>\n<h3><span style=\"color: #99cc00;\">Pour le plaisir&#8230;<\/span><\/h3>\n<h5>Le chien est capable d&rsquo;apprendre une multitude de mots et d&rsquo;actions.<br>Ainsi, vous pourrez apprendre \u00e0 votre chien des petits tours en renfor\u00e7ant votre plaisir et votre complicit\u00e9.<\/h5>\n\n\n<div class=\"wp-block-media-text alignwide is-stacked-on-mobile\"><figure class=\"wp-block-media-text__media\"><video controls src=\"http:\/\/domainedeghanna.be\/wp-content\/uploads\/2020\/09\/10000000_322276365530172_1766297500110333342_n.mp4\"><\/video><\/figure><div class=\"wp-block-media-text__content\">\n<p class=\"has-large-font-size\">Une super s\u00e9ance au soleil avec Stark !S<\/p>\n<\/div><\/div>\n\n\n\n<p>Les tarifs sont les m\u00eames qu&rsquo;une s\u00e9ance d&rsquo;\u00e9ducation classique au sein du domaine.<\/p>\n","protected":false},"excerpt":{"rendered":"<p>Cliquer pour mieux communiquer&nbsp; Le clicker training est bas\u00e9e sur des recherches scientifiques telles que le conditionnement classique (Dr. Ivan &hellip; <\/p>\n","protected":false},"author":2,"featured_media":0,"parent":0,"menu_order":0,"comment_status":"closed","ping_status":"closed","template":"","meta":{"footnotes":""},"class_list":["post-2159","page","type-page","status-publish","hentry"],"_links":{"self":[{"href":"https:\/\/domainedeghanna.be\/index.php\/wp-json\/wp\/v2\/pages\/2159","targetHints":{"allow":["GET"]}}],"collection":[{"href":"https:\/\/domainedeghanna.be\/index.php\/wp-json\/wp\/v2\/pages"}],"about":[{"href":"https:\/\/domainedeghanna.be\/index.php\/wp-json\/wp\/v2\/types\/page"}],"author":[{"embeddable":true,"href":"https:\/\/domainedeghanna.be\/index.php\/wp-json\/wp\/v2\/users\/2"}],"replies":[{"embeddable":true,"href":"https:\/\/domainedeghanna.be\/index.php\/wp-json\/wp\/v2\/comments?post=2159"}],"version-history":[{"count":8,"href":"https:\/\/domainedeghanna.be\/index.php\/wp-json\/wp\/v2\/pages\/2159\/revisions"}],"predecessor-version":[{"id":4310,"href":"https:\/\/domainedeghanna.be\/index.php\/wp-json\/wp\/v2\/pages\/2159\/revisions\/4310"}],"wp:attachment":[{"href":"https:\/\/domainedeghanna.be\/index.php\/wp-json\/wp\/v2\/media?parent=2159"}],"curies":[{"name":"wp","href":"https:\/\/api.w.org\/{rel}","templated":true}]}}