{"id":2154,"date":"2019-04-12T14:36:24","date_gmt":"2019-04-12T12:36:24","guid":{"rendered":"http:\/\/domainedeghanna.eu\/?page_id=2154"},"modified":"2020-09-21T09:32:40","modified_gmt":"2020-09-21T07:32:40","slug":"seances-individuelles","status":"publish","type":"page","link":"https:\/\/domainedeghanna.be\/index.php\/seances-individuelles\/","title":{"rendered":"S\u00e9ances individuelles"},"content":{"rendered":"<h2><span style=\"color: #99cc00;\">Les s\u00e9ances individuelles offrent diff\u00e9rentes possibilit\u00e9s<br \/><\/span><\/h2>\n<h4><span style=\"color: #99cc00;\">Pour travailler l&rsquo;ob\u00e9issance&#8230;\u00a0<\/span><\/h4>\n<h5>Les s\u00e9ances individuelles permettent de travailler l&rsquo;ob\u00e9issance que ce soit dans le but de l&rsquo;apprendre, de la perfectionner ou de l&rsquo;adapter.<\/h5>\n<h4><span style=\"color: #99cc00;\">Pour d\u00e9buter le clicker training&#8230;\u00a0<\/span><\/h4>\n<h5>Le clicker est une petite bo\u00eete, qui fait un bruit m\u00e9tallique lorsqu\u2019on appuie dessus (Clic-clac).<br \/>C\u2019est un moyen de communication entre vous et votre chien et une m\u00e9thode d\u2019apprentissage incroyable !<\/h5>\n<h5>Ce clicker va donc \u00eatre un marqueur de comportement, qui va mettre en valeur les capacit\u00e9s cognitives de votre compagnon.<br \/>Avec le clicker training, nous donnons envie au chien d\u2019apprendre et nous l\u2019encourageons \u00e0 faire preuve d\u2019initiative.<br \/>Lors de r\u00e9\u00e9ducation comportementale, le clicker am\u00e8ne le chien \u00e0 prendre des d\u00e9cisions sur la mani\u00e8re dont il se comporte et lui apprend \u00e0 g\u00e9rer ses \u00e9motions.<\/h5>\n<h5>C\u2019est une m\u00e9thode qui demande une certaine rigueur, de l\u2019investissement et de la coh\u00e9rence mais qui vaut vraiment le d\u00e9tour !<br \/>Vous ne verrez plus jamais l\u2019\u00e9ducation de la m\u00eame fa\u00e7on.<\/h5>\n<h5>Plus d&rsquo;informations sur le clicker training ?\u00a0<a href=\"http:\/\/domainedeghanna.be\/index.php\/clicker-training\/\"> Cliquez ici<\/a> !<\/h5>\n\n\n<div class=\"wp-block-media-text alignwide is-stacked-on-mobile\"><figure class=\"wp-block-media-text__media\"><video controls src=\"http:\/\/domainedeghanna.be\/wp-content\/uploads\/2020\/09\/10000000_176811457350886_151629718707035286_n-1.mp4\"><\/video><\/figure><div class=\"wp-block-media-text__content\">\n<p class=\"has-large-font-size\">On travaille le rappel avec Newton, Corgi !<\/p>\n<\/div><\/div>\n\n\n<h4><span style=\"color: #99cc00;\"><br \/>Pour de la r\u00e9\u00e9ducation comportementale et relationnelle &#8230;<\/span><\/h4>\n<h5>Les troubles comportementaux et\/ou relationnels sont des troubles qui peuvent appara\u00eetre \u00e0 tout \u00e2ge du chien.<br \/>Si la relation que vous entretenez avec votre chien se d\u00e9grade, il est important d\u2019\u00eatre accompagn\u00e9 pour pouvoir r\u00e9tablir une relation saine et de confiance.<br \/>Que le probl\u00e8me survienne au sein de la famille, envers ses cong\u00e9n\u00e8res ou d\u2019autres esp\u00e8ces, nous pouvons vous aider.<\/h5>\n<h5><em><span style=\"color: #800000;\"><strong>Nous privil\u00e9gions le clicker training lors d&rsquo;une r\u00e9\u00e9ducation.<\/strong><\/span><\/em><span style=\"color: #99cc00;\"><br \/><\/span><\/h5>\n<h5>Plus d&rsquo;informations sur les troubles comportementaux et relationnels : <a href=\"http:\/\/domainedeghanna.be\/index.php\/troubles-comportementaux-et-relationnels\/\"><span style=\"color: #99cc00;\">Cliquez ici<\/span><\/a> !<\/h5>\n<h4><span style=\"color: #99cc00;\">Pour un premier contact pour les chiens de plus de 6 mois avant d&rsquo;int\u00e9grer nos collectifs&#8230;<\/span><\/h4>\n<h5>Elles permettent un premier contact afin de r\u00e9pondre aux diff\u00e9rentes questions que les ma\u00eetres se posent, de d\u00e9cider ensemble des objectifs et de la mani\u00e8re dont nous pourrons les atteindre.<br \/>Suite \u00e0 cet entretien, votre chien pourra \u00eatre remis \u00e0 niveau en acqu\u00e9rant les bases de l&rsquo;ob\u00e9issance afin de pr\u00e9server la qualit\u00e9 et la s\u00e9curit\u00e9 de nos collectifs ou pourra directement int\u00e9grer nos collectifs d&rsquo;ob\u00e9issance.<\/h5>\n<h5>Pour plus d&rsquo;informations sur le premier contact :<a href=\"http:\/\/domainedeghanna.be\/index.php\/chiens-a-partir-de-6-mois\/\"><span style=\"color: #99cc00;\"> Cliquez ici<\/span> <\/a>!<\/h5>\n<h4><span style=\"color: #99cc00;\">N&rsquo;attendez pas un probl\u00e8me pour consulter, de simples conseils peuvent \u00e9galement faire l&rsquo;objet d&rsquo;un entretien.<\/span><\/h4>","protected":false},"excerpt":{"rendered":"<p>Les s\u00e9ances individuelles offrent diff\u00e9rentes possibilit\u00e9s Pour travailler l&rsquo;ob\u00e9issance&#8230;\u00a0 Les s\u00e9ances individuelles permettent de travailler l&rsquo;ob\u00e9issance que ce soit dans &hellip; <\/p>\n","protected":false},"author":2,"featured_media":0,"parent":0,"menu_order":0,"comment_status":"closed","ping_status":"closed","template":"","meta":{"footnotes":""},"class_list":["post-2154","page","type-page","status-publish","hentry"],"_links":{"self":[{"href":"https:\/\/domainedeghanna.be\/index.php\/wp-json\/wp\/v2\/pages\/2154","targetHints":{"allow":["GET"]}}],"collection":[{"href":"https:\/\/domainedeghanna.be\/index.php\/wp-json\/wp\/v2\/pages"}],"about":[{"href":"https:\/\/domainedeghanna.be\/index.php\/wp-json\/wp\/v2\/types\/page"}],"author":[{"embeddable":true,"href":"https:\/\/domainedeghanna.be\/index.php\/wp-json\/wp\/v2\/users\/2"}],"replies":[{"embeddable":true,"href":"https:\/\/domainedeghanna.be\/index.php\/wp-json\/wp\/v2\/comments?post=2154"}],"version-history":[{"count":5,"href":"https:\/\/domainedeghanna.be\/index.php\/wp-json\/wp\/v2\/pages\/2154\/revisions"}],"predecessor-version":[{"id":3963,"href":"https:\/\/domainedeghanna.be\/index.php\/wp-json\/wp\/v2\/pages\/2154\/revisions\/3963"}],"wp:attachment":[{"href":"https:\/\/domainedeghanna.be\/index.php\/wp-json\/wp\/v2\/media?parent=2154"}],"curies":[{"name":"wp","href":"https:\/\/api.w.org\/{rel}","templated":true}]}}