{"id":2152,"date":"2019-04-12T14:36:24","date_gmt":"2019-04-12T12:36:24","guid":{"rendered":"http:\/\/domainedeghanna.eu\/?page_id=2152"},"modified":"2026-04-24T11:39:53","modified_gmt":"2026-04-24T09:39:53","slug":"conditions-generales","status":"publish","type":"page","link":"https:\/\/domainedeghanna.be\/index.php\/conditions-generales\/","title":{"rendered":"Conditions g\u00e9n\u00e9rales"},"content":{"rendered":"<p><img decoding=\"async\" class=\"aligncenter\" src=\"https:\/\/www.zoopsy.com\/images\/articles\/chien_livres.jpg\" alt=\"Librairie, livres sur le comportement du chien et du chat, \u00e9ducation du  chien - Zoopsy\" \/><\/p>\n<h4><span style=\"color: #99cc00;\">Merci d&rsquo;avance de lire les conditions avant de d\u00e9poser votre chien dans notre pension canine.<\/span><\/h4>\n<p data-olk-copy-source=\"MessageBody\"><strong>1. Objet<\/strong><\/p>\n<p>Les pr\u00e9sentes <span class=\"mark51iym0e3f\" data-markjs=\"true\" data-ogac=\"\" data-ogab=\"\" data-ogsc=\"\" data-ogsb=\"\">conditions<\/span> g\u00e9n\u00e9rales d\u00e9finissent les modalit\u00e9s d\u2019accueil, de s\u00e9jour et de soins des chiens confi\u00e9s \u00e0 la pension canine DOMAINE DE GHANNA<\/p>\n<p>Elles sont \u00e9tablies conform\u00e9ment \u00e0 l\u2019Arr\u00eat\u00e9 Royal du 27 avril 2007 relatif \u00e0 la protection des animaux dans les \u00e9tablissements commerciaux.<\/p>\n<p><strong>2. <span class=\"mark51iym0e3f\" data-markjs=\"true\" data-ogac=\"\" data-ogab=\"\" data-ogsc=\"\" data-ogsb=\"\">Conditions<\/span> d\u2019admission<\/strong><\/p>\n<p><em><strong>2.1. <span class=\"mark51iym0e3f\" data-markjs=\"true\" data-ogac=\"\" data-ogab=\"\" data-ogsc=\"\" data-ogsb=\"\">Conditions<\/span> sanitaires<\/strong><\/em><\/p>\n<p>Conform\u00e9ment \u00e0 l\u2019AR 2007, article 22 :<\/p>\n<p>\u2022 Chaque chien doit \u00eatre identifi\u00e9 par puce \u00e9lectronique<\/p>\n<p>\u2022 Les chiens doivent \u00eatre \u00e0 jour de leurs vaccins obligatoires : Maladie de Carr\u00e9, H\u00e9patite de Rubarth, Leptospirose, Parvovirose, Toux du chenil (Bordetella bronchiseptica et Parainfluenza)<br \/>\nLa vaccination est dat\u00e9 depuis plus d\u2019un mois et moins d\u2019un an<\/p>\n<p>\u2022 Le carnet de vaccination ou le passeport europ\u00e9en doit \u00eatre pr\u00e9sent\u00e9 \u00e0 l\u2019arriv\u00e9e.<br \/>\nIl sera conserv\u00e9 pendant le s\u00e9jour et rendu lors du d\u00e9part.<br \/>\nLa pension est dans le droit d\u2019annuler le s\u00e9jour de l\u2019animal si le carnet de vaccination ou le passeport n\u2019accompagne pas l\u2019animal.<\/p>\n<p>\u2022 Le chien doit \u00eatre trait\u00e9 contre les parasites internes et externes (vermifuge, antipuces et antitiques) avant son s\u00e9jour.<\/p>\n<p>\u2022 \u00a0 Ne sont pas accept\u00e9s :<\/p>\n<p>&#8211; Les chiennes gestantes<\/p>\n<p>&#8211; Les chiens pr\u00e9sentants des probl\u00e8mes de sant\u00e9 qui peuvent entra\u00eener le d\u00e9c\u00e8s durant le s\u00e9jour<\/p>\n<p>&#8211; Les chiens ayant des traitements m\u00e9dicaux lourds (piq\u00fbres)<\/p>\n<p>&#8211; Les chiens atteints d\u2019une pathologie contagieuse<\/p>\n<p>&#8211; Les chiens en convalescence<\/p>\n<p><em><strong>2.2. <span class=\"mark51iym0e3f\" data-markjs=\"true\" data-ogac=\"\" data-ogab=\"\" data-ogsc=\"\" data-ogsb=\"\">Conditions<\/span> comportementales<\/strong><\/em><\/p>\n<p>\u2022 Seuls les chiens ne pr\u00e9sentant pas de danger pour le personnel sont admis.<br \/>\nLes chiens non sociables avec leurs cong\u00e9n\u00e8res sont accept\u00e9s et h\u00e9berg\u00e9s de fa\u00e7on individuelle.<\/p>\n<p>\u2022 Les chiens agressifs envers les humains, extr\u00eamement anxieux ou pr\u00e9sentant un trouble du comportement pouvant compromettre leur bien-\u00eatre en pension ne sont pas accept\u00e9s.<br \/>\nSi le chien d\u00e9montre un comportement agressif envers le personnel du Domaine durant son s\u00e9jour, le propri\u00e9taire s\u2019engage \u00e0 r\u00e9cup\u00e9rer son chien dans un d\u00e9lai de 24h maximum.<\/p>\n<p><em><strong>2.3. Nombre de chiens admis<\/strong><\/em><\/p>\n<p>Conform\u00e9ment \u00e0 l\u2019AR 2007, la capacit\u00e9 maximale de la pension est d\u00e9termin\u00e9e par :<\/p>\n<p>\u2022 La taille des installations, garantissant le bien-\u00eatre des chiens et leur libert\u00e9 de mouvement.<\/p>\n<p>\u2022 Le personnel pr\u00e9sent, afin d\u2019assurer une surveillance et des soins adapt\u00e9s.<\/p>\n<p>La pension se r\u00e9serve le droit de refuser un chien si la capacit\u00e9 d\u2019accueil est atteinte.<\/p>\n<p><strong>3. R\u00e9servation et Tarification<\/strong><\/p>\n<p><em><strong>3.1. R\u00e9servation<\/strong><\/em><\/p>\n<p>\u2022 Toute r\u00e9servation doit \u00eatre effectu\u00e9e via notre plateforme en ligne sur notre site internet ou en dernier recours, par e-mail.<\/p>\n<p>\u2022 Un acompte de 50% est requis pour valider la r\u00e9servation.<\/p>\n<p>\u2022 <span style=\"color: #ff0000;\"><strong>Une annulation sans justificatif m\u00e9dical ou v\u00e9t\u00e9rinaire entra\u00eene la perte de l\u2019acompte.<\/strong><\/span><\/p>\n<p>\u2022 Les modifications de dates de s\u00e9jour peuvent \u00eatre demand\u00e9es <strong data-start=\"707\" data-end=\"765\">au plus tard 15 jours avant la date de d\u00e9but du s\u00e9jour (sous r\u00e9serve de disponibilit\u00e9 et si la pension n&rsquo;est pas compl\u00e8te)<\/strong>.<br \/>\nPass\u00e9 ce d\u00e9lai, la r\u00e9servation initiale reste applicable et factur\u00e9e.<\/p>\n<p><em><strong>3.2. Tarifs<\/strong><\/em><\/p>\n<p>\u2022 Les tarifs sont affich\u00e9s sur notre site internet.<\/p>\n<p>\u2022 Le prix comprend : L\u2019h\u00e9bergement, l\u2019alimentation, les sorties (20min \u00e0 30min 2x\/jour), les soins de base, le nettoyage des affaires au besoin, l\u2019exp\u00e9rience garantissant le respect de l\u2019int\u00e9grit\u00e9 physique et \u00e9motionnelle de votre chien.<\/p>\n<p>\u2022 Les services additionnels (soins m\u00e9dicaux, promenades suppl\u00e9mentaires, bains etc.) sont factur\u00e9s en suppl\u00e9ment.<\/p>\n<p>\u2022 Tout s\u00e9jour commenc\u00e9 est d\u00fb en int\u00e9gralit\u00e9.<\/p>\n<p>Le jour d\u2019arriv\u00e9e de l\u2019animal sera factur\u00e9.<\/p>\n<p>Lors de son d\u00e9part, si celui-ci quitte la pension avant 11h30, la journ\u00e9e ne sera pas compt\u00e9e.<\/p>\n<p>\u2022 \u00a0Le propri\u00e9taire devra aviser la pension si une ou plusieurs journ\u00e9es suppl\u00e9mentaires \u00e0 celles indiqu\u00e9es sur le contrat doivent \u00eatre accord\u00e9es, mais il devra aussi en payer le surco\u00fbt de garde.<\/p>\n<p>Si la pension est compl\u00e8te, le propri\u00e9taire devra se tenir aux dates mentionn\u00e9es lors de la r\u00e9servation.<\/p>\n<p><strong>4. D\u00e9roulement du S\u00e9jour<\/strong><\/p>\n<p><em><strong>4.1. Accueil et installation<\/strong><\/em><\/p>\n<p>\u2022 L\u2019arriv\u00e9e et le d\u00e9part des chiens se font uniquement sur rendez-vous dans les horaires d\u2019ouverture.<\/p>\n<p>Pour des raisons de s\u00e9curit\u00e9, l\u2019animal confi\u00e9 \u00e0 la pension doit \u00eatre repris par la personne qui l\u2019a amen\u00e9.<\/p>\n<p>Si une autre personne devait se pr\u00e9senter \u00e0 votre place, cela doit \u00eatre signal\u00e9 au d\u00e9p\u00f4t de l\u2019animal et cette personne devra se munir de sa carte d\u2019identit\u00e9 ainsi que d\u2019une attestation de votre part.<\/p>\n<p>\u2022 Une p\u00e9riode d\u2019adaptation peut \u00eatre mise en place pour les chiens sensibles.<\/p>\n<p>\u2022 \u00a0La pension accepte les objets personnels (jouets, tapis, coussin\u2026) mais d\u00e9cline toute responsabilit\u00e9 en cas de perte ou de d\u00e9gradation.<\/p>\n<p><em><strong>4.2. Alimentation<\/strong><\/em><\/p>\n<p>\u2022 La pension fournit une alimentation \u00e9quilibr\u00e9e adapt\u00e9e aux chiens.<\/p>\n<p>\u2022 Si le propri\u00e9taire souhaite une alimentation sp\u00e9cifique, il doit fournir la quantit\u00e9 n\u00e9cessaire pour toute la dur\u00e9e du s\u00e9jour.<\/p>\n<p>Aucune remise ne sera faite si le propri\u00e9taire de l\u2019animal am\u00e8ne sa propre nourriture.<\/p>\n<p>Dans un souci d\u2019hygi\u00e8ne, d\u2019organisation et de bonne conservation des aliments, toute nourriture apport\u00e9e par le propri\u00e9taire doit imp\u00e9rativement \u00eatre fournie dans des contenants herm\u00e9tiques, propres et correctement ferm\u00e9s.<\/p>\n<p>Chaque contenant doit \u00eatre clairement identifi\u00e9 au nom du chien. \u00c0 d\u00e9faut, nous nous r\u00e9servons le droit de refuser la prise en charge de l\u2019alimentation.<\/p>\n<p><em><strong>4.3. Hygi\u00e8ne et bien-\u00eatre<\/strong><\/em><\/p>\n<p>Conform\u00e9ment \u00e0 l\u2019AR 2007, la pension garantit :<\/p>\n<p>\u2022 Un nettoyage et une d\u00e9sinfection quotidiens des installations.<\/p>\n<p>\u2022 Un acc\u00e8s permanent \u00e0 de l\u2019eau potable fra\u00eeche.<\/p>\n<p>\u2022 Des espaces adapt\u00e9s en fonction de la taille et du comportement des chiens.<\/p>\n<p>\u2022 Une surveillance v\u00e9t\u00e9rinaire en cas de besoin (les frais v\u00e9t\u00e9rinaires, peu importe l\u2019origine, restent \u00e0 la charge du propri\u00e9taire).<\/p>\n<p><em><strong>4.4. R\u00e9cr\u00e9ations entre chiens<\/strong><\/em><\/p>\n<p data-start=\"196\" data-end=\"393\">Dans le cadre de ses prestations, la pension peut proposer des <strong data-start=\"259\" data-end=\"324\">moments de r\u00e9cr\u00e9ation entre chiens identifi\u00e9s comme sociables<\/strong>, organis\u00e9s et encadr\u00e9s par du personnel form\u00e9 au comportement canin.<\/p>\n<p data-start=\"395\" data-end=\"602\">Ces interactions sont mises en place de mani\u00e8re encadr\u00e9e (s\u00e9lection pr\u00e9alable des chiens, surveillance active, adaptation des groupes et des dur\u00e9es).<br data-start=\"544\" data-end=\"547\" \/>Toutefois, le propri\u00e9taire reconna\u00eet express\u00e9ment que :<\/p>\n<ul data-start=\"604\" data-end=\"996\">\n<li data-start=\"604\" data-end=\"702\">les interactions entre chiens comportent, par nature, <strong data-start=\"660\" data-end=\"700\">une part d\u2019al\u00e9a et d\u2019impr\u00e9visibilit\u00e9<\/strong><\/li>\n<li data-start=\"703\" data-end=\"815\">le comportement d\u2019un animal peut \u00e9voluer en fonction du contexte, de l\u2019environnement ou des autres individus<\/li>\n<li data-start=\"816\" data-end=\"996\">en cons\u00e9quence, <strong data-start=\"834\" data-end=\"936\">le risque de blessure, m\u00eame mineure (griffure, morsure, choc, etc.), ne peut \u00eatre totalement exclu<\/strong>, y compris en pr\u00e9sence d\u2019une surveillance professionnelle<\/li>\n<\/ul>\n<p data-start=\"998\" data-end=\"1098\">En cochant l\u2019option relative \u00e0 la sociabilit\u00e9 de son chien lors de la r\u00e9servation, le propri\u00e9taire :<\/p>\n<ul data-start=\"1100\" data-end=\"1561\">\n<li data-start=\"1100\" data-end=\"1180\">d\u00e9clare sur l\u2019honneur que son chien est apte \u00e0 interagir avec des cong\u00e9n\u00e8res<\/li>\n<li data-start=\"1181\" data-end=\"1312\">atteste avoir communiqu\u00e9 <strong data-start=\"1208\" data-end=\"1310\">toute information utile relative au comportement, aux ant\u00e9c\u00e9dents ou aux sensibilit\u00e9s de son chien<\/strong><\/li>\n<li data-start=\"1313\" data-end=\"1396\">autorise express\u00e9ment la participation de son chien \u00e0 ces moments de r\u00e9cr\u00e9ation<\/li>\n<li data-start=\"1397\" data-end=\"1561\">reconna\u00eet avoir pris connaissance et <strong data-start=\"1436\" data-end=\"1496\">accepter sans r\u00e9serve les pr\u00e9sentes conditions g\u00e9n\u00e9rales<\/strong>, y compris les risques inh\u00e9rents aux interactions entre chiens<\/li>\n<\/ul>\n<p data-start=\"1563\" data-end=\"1703\">Le propri\u00e9taire reconna\u00eet que la pension est tenue \u00e0 une <strong data-start=\"1620\" data-end=\"1663\">obligation de moyens et non de r\u00e9sultat<\/strong> dans l\u2019encadrement de ces interactions.<\/p>\n<p data-start=\"1705\" data-end=\"1919\">En cons\u00e9quence, sauf en cas de <strong data-start=\"1736\" data-end=\"1790\">faute lourde ou de n\u00e9gligence grave d\u00fbment \u00e9tablie<\/strong>, la responsabilit\u00e9 de la pension ne pourra \u00eatre engag\u00e9e pour tout dommage survenu dans le cadre de ces interactions, notamment :<\/p>\n<ul data-start=\"1921\" data-end=\"2046\">\n<li data-start=\"1921\" data-end=\"1947\">blessures entre chiens<\/li>\n<li data-start=\"1948\" data-end=\"1999\">d\u00e9gradations mat\u00e9rielles li\u00e9es aux interactions<\/li>\n<li data-start=\"2000\" data-end=\"2046\">cons\u00e9quences physiques ou comportementales<\/li>\n<\/ul>\n<p data-start=\"2048\" data-end=\"2195\">Le propri\u00e9taire reste, en tout \u00e9tat de cause, <strong data-start=\"2094\" data-end=\"2144\">responsable des dommages caus\u00e9s par son animal<\/strong>, conform\u00e9ment aux dispositions l\u00e9gales en vigueur.<\/p>\n<p class=\"isSelectedEnd\">Les frais v\u00e9t\u00e9rinaires et autres co\u00fbts li\u00e9s \u00e0 un incident pourront \u00eatre imput\u00e9s au propri\u00e9taire du chien reconnu comme \u00e9tant \u00e0 l\u2019origine du dommage, sur base des \u00e9l\u00e9ments disponibles (constat, observations, circonstances).<\/p>\n<p>En cas de responsabilit\u00e9 partag\u00e9e ou d\u2019impossibilit\u00e9 d\u2019\u00e9tablir clairement l\u2019origine du dommage, les frais pourront \u00eatre r\u00e9partis entre les parties concern\u00e9es.<\/p>\n<p data-start=\"2197\" data-end=\"2229\">La pension se r\u00e9serve le droit :<\/p>\n<ul data-start=\"2231\" data-end=\"2427\">\n<li data-start=\"2231\" data-end=\"2344\">de refuser ou d\u2019interrompre la participation d\u2019un chien aux r\u00e9cr\u00e9ations si son comportement est jug\u00e9 inadapt\u00e9<\/li>\n<li data-start=\"2345\" data-end=\"2427\">de prendre toute d\u00e9cision n\u00e9cessaire \u00e0 la s\u00e9curit\u00e9 des animaux et du personnel<\/li>\n<\/ul>\n<p><strong>5. Responsabilit\u00e9s et Engagements<\/strong><\/p>\n<p><em><strong>5.1. Engagements de la pension<\/strong><\/em><\/p>\n<p>\u2022 Offrir un environnement s\u00e9curis\u00e9, propre et conforme aux normes l\u00e9gales.<\/p>\n<p>\u2022 Assurer un suivi comportemental et pr\u00e9venir les propri\u00e9taires en cas de probl\u00e8me.<\/p>\n<p>\u2022 Contacter un v\u00e9t\u00e9rinaire agr\u00e9\u00e9 en cas de probl\u00e8me de sant\u00e9 (les frais v\u00e9t\u00e9rinaires, peu importe l\u2019origine, restent \u00e0 la charge du propri\u00e9taire).<\/p>\n<p><em><strong>5.2. Responsabilit\u00e9s du propri\u00e9taire<\/strong><\/em><\/p>\n<p>\u2022 S\u2019assurer que son chien est apte \u00e0 s\u00e9journer en pension (sant\u00e9, comportement).<\/p>\n<p>\u2022 Informer la pension de tout probl\u00e8me m\u00e9dical ou comportemental.<\/p>\n<p>\u2022 Fournir les documents n\u00e9cessaires (carnet de vaccination, contact v\u00e9t\u00e9rinaire, etc.).<\/p>\n<p>Tout traitement m\u00e9dical doit \u00eatre accompagn\u00e9 de l\u2019ordonnance du v\u00e9t\u00e9rinaire.<\/p>\n<p>Si le chien ne prend pas son m\u00e9dicament de mani\u00e8re naturelle, le propri\u00e9taire s\u2019engage \u00e0 amener de quoi pouvoir lui administrer son traitement.<\/p>\n<p>\u2022 Accepter que la pension ne pourra \u00eatre tenue responsable en cas de maladie, blessure ou d\u00e9c\u00e8s d\u2019un chien pour cause naturelle ou impr\u00e9visible.<\/p>\n<p>En cas de d\u00e9c\u00e9s de l\u2019animal, le propri\u00e9taire a 48 heures pour demander une autopsie qui d\u00e9terminera les causes du d\u00e9c\u00e9s.<\/p>\n<p>L\u2019autopsie sera \u00e0 charge du propri\u00e9taire.<\/p>\n<p>Un compte rendu sera \u00e9tabli par le v\u00e9t\u00e9rinaire et une attestation lui sera d\u00e9livr\u00e9.<\/p>\n<p><strong>6. Cas Particuliers<\/strong><\/p>\n<p><em><strong>6.1. Maladie et soins v\u00e9t\u00e9rinaires<\/strong><\/em><\/p>\n<p>\u2022 En cas de probl\u00e8me de sant\u00e9, d\u2019urgence, la pension contacte le propri\u00e9taire et le v\u00e9t\u00e9rinaire responsable de la pension<\/p>\n<p><strong>V\u00c9TO1457<br \/>\n<\/strong>Chemin du pont Val\u00e9riane 2<br \/>\n1457 Walhain<br \/>\nveterinaire 1457@gmail.com<br \/>\n010 39 88 99<br \/>\n0479 911 602<\/p>\n<p>\u2022 Les frais v\u00e9t\u00e9rinaires sont \u00e0 la charge du propri\u00e9taire et devront \u00eatre r\u00e9gl\u00e9s \u00e0 la sortie du chien.<\/p>\n<p><em><strong>6.2. Abandon<\/strong><\/em><\/p>\n<p>\u2022 Si un chien n\u2019est pas r\u00e9cup\u00e9r\u00e9 dans un d\u00e9lai de 7 jours apr\u00e8s la date pr\u00e9vue de sortie, sans nouvelles du propri\u00e9taire, il sera consid\u00e9r\u00e9 comme abandonn\u00e9.<\/p>\n<p>\u2022 La pension se r\u00e9serve le droit de confier l\u2019animal \u00e0 un refuge agr\u00e9\u00e9 et d\u2019engager des poursuites.<\/p>\n<p><strong>7. Droit \u00e0 l\u2019image \u2013 Photos et vid\u00e9os sur les r\u00e9seaux sociaux<\/strong><\/p>\n<p><em><strong>7.1. Autorisation de prise de photos et vid\u00e9os<\/strong><\/em><\/p>\n<p>\u2022 Pendant le s\u00e9jour de leur chien, les propri\u00e9taires acceptent que la pension prenne des photos et vid\u00e9os de leur animal dans un cadre bienveillant et respectueux.<\/p>\n<p><em><strong>7.2. Diffusion sur les r\u00e9seaux sociaux<\/strong><\/em><\/p>\n<p>\u2022 La pension peut publier ces contenus sur ses r\u00e9seaux sociaux, site internet ou supports promotionnels, afin de partager des nouvelles des pensionnaires et promouvoir ses services.<\/p>\n<p><em><strong>7.3. Droit de refus<\/strong><\/em><\/p>\n<p>\u2022 Si le propri\u00e9taire ne souhaite pas que des photos ou vid\u00e9os de son chien soient diffus\u00e9es, il doit en informer la pension par \u00e9crit lors de la r\u00e9servation.<\/p>\n<p><strong>8. Acceptation des <span class=\"mark51iym0e3f\" data-markjs=\"true\" data-ogac=\"\" data-ogab=\"\" data-ogsc=\"\" data-ogsb=\"\">Conditions<\/span><\/strong><\/p>\n<p>\u2022 Le d\u00e9p\u00f4t du chien en pension vaut acceptation des pr\u00e9sentes <span class=\"mark51iym0e3f\" data-markjs=\"true\" data-ogac=\"\" data-ogab=\"\" data-ogsc=\"\" data-ogsb=\"\">conditions<\/span> g\u00e9n\u00e9rales.<\/p>\n<p>\u2022 Le propri\u00e9taire reconna\u00eet avoir pris connaissance des r\u00e8gles et s\u2019engage \u00e0 les respecter.<\/p>\n<p>Ces <span class=\"mark51iym0e3f\" data-markjs=\"true\" data-ogac=\"\" data-ogab=\"\" data-ogsc=\"\" data-ogsb=\"\">conditions<\/span> sont conformes \u00e0 la r\u00e9glementation belge en mati\u00e8re de protection animale et \u00e0 l\u2019AR 2007 encadrant les \u00e9tablissements commerciaux pour animaux.<\/p>\n<h4><span style=\"color: #99cc00;\"><strong>La signature du contrat d&rsquo;h\u00e9bergement vaut acceptation sans r\u00e9serve de toutes les conditions indiqu\u00e9es.<\/strong><\/span><\/h4>\n","protected":false},"excerpt":{"rendered":"<p>Merci d&rsquo;avance de lire les conditions avant de d\u00e9poser votre chien dans notre pension canine. 1. Objet Les pr\u00e9sentes conditions &hellip; <\/p>\n","protected":false},"author":2,"featured_media":0,"parent":0,"menu_order":0,"comment_status":"closed","ping_status":"closed","template":"","meta":{"footnotes":""},"class_list":["post-2152","page","type-page","status-publish","hentry"],"_links":{"self":[{"href":"https:\/\/domainedeghanna.be\/index.php\/wp-json\/wp\/v2\/pages\/2152","targetHints":{"allow":["GET"]}}],"collection":[{"href":"https:\/\/domainedeghanna.be\/index.php\/wp-json\/wp\/v2\/pages"}],"about":[{"href":"https:\/\/domainedeghanna.be\/index.php\/wp-json\/wp\/v2\/types\/page"}],"author":[{"embeddable":true,"href":"https:\/\/domainedeghanna.be\/index.php\/wp-json\/wp\/v2\/users\/2"}],"replies":[{"embeddable":true,"href":"https:\/\/domainedeghanna.be\/index.php\/wp-json\/wp\/v2\/comments?post=2152"}],"version-history":[{"count":13,"href":"https:\/\/domainedeghanna.be\/index.php\/wp-json\/wp\/v2\/pages\/2152\/revisions"}],"predecessor-version":[{"id":4567,"href":"https:\/\/domainedeghanna.be\/index.php\/wp-json\/wp\/v2\/pages\/2152\/revisions\/4567"}],"wp:attachment":[{"href":"https:\/\/domainedeghanna.be\/index.php\/wp-json\/wp\/v2\/media?parent=2152"}],"curies":[{"name":"wp","href":"https:\/\/api.w.org\/{rel}","templated":true}]}}