{"id":2149,"date":"2019-04-12T14:36:24","date_gmt":"2019-04-12T12:36:24","guid":{"rendered":"http:\/\/domainedeghanna.eu\/?page_id=2149"},"modified":"2025-09-23T12:01:28","modified_gmt":"2025-09-23T10:01:28","slug":"lenvironnement","status":"publish","type":"page","link":"https:\/\/domainedeghanna.be\/index.php\/lenvironnement\/","title":{"rendered":"L&rsquo;environnement"},"content":{"rendered":"\n<div class=\"wp-block-group\"><div class=\"wp-block-group__inner-container is-layout-flow wp-block-group-is-layout-flow\">\n<figure class=\"wp-block-gallery aligncenter has-nested-images columns-default is-cropped wp-block-gallery-1 is-layout-flex wp-block-gallery-is-layout-flex\">\n<figure class=\"wp-block-image size-medium is-style-default\"><img loading=\"lazy\" decoding=\"async\" width=\"300\" height=\"200\" data-id=\"188\" src=\"https:\/\/domainedeghanna.be\/wp-content\/uploads\/2019\/01\/pension-300x200.jpg\" alt=\"\" class=\"wp-image-188\" srcset=\"https:\/\/domainedeghanna.be\/wp-content\/uploads\/2019\/01\/pension-300x200.jpg 300w, https:\/\/domainedeghanna.be\/wp-content\/uploads\/2019\/01\/pension-768x512.jpg 768w, https:\/\/domainedeghanna.be\/wp-content\/uploads\/2019\/01\/pension.jpg 800w\" sizes=\"auto, (max-width: 300px) 100vw, 300px\" \/><figcaption class=\"wp-element-caption\">Les emplacements<\/figcaption><\/figure>\n\n\n\n<figure class=\"wp-block-image size-medium\"><img loading=\"lazy\" decoding=\"async\" width=\"300\" height=\"200\" data-id=\"195\" src=\"https:\/\/domainedeghanna.be\/wp-content\/uploads\/2019\/01\/box-domaine-2-300x200.jpg\" alt=\"\" class=\"wp-image-195\" srcset=\"https:\/\/domainedeghanna.be\/wp-content\/uploads\/2019\/01\/box-domaine-2-300x200.jpg 300w, https:\/\/domainedeghanna.be\/wp-content\/uploads\/2019\/01\/box-domaine-2-768x512.jpg 768w, https:\/\/domainedeghanna.be\/wp-content\/uploads\/2019\/01\/box-domaine-2.jpg 800w\" sizes=\"auto, (max-width: 300px) 100vw, 300px\" \/><figcaption class=\"wp-element-caption\">Les emplacements<\/figcaption><\/figure>\n\n\n\n<figure class=\"wp-block-image size-medium\"><img loading=\"lazy\" decoding=\"async\" width=\"300\" height=\"225\" data-id=\"238\" src=\"https:\/\/domainedeghanna.be\/wp-content\/uploads\/2019\/01\/pension-ext\u00e9rieur-300x225.jpg\" alt=\"\" class=\"wp-image-238\"\/><figcaption class=\"wp-element-caption\">Les enclos de d\u00e9foulement<\/figcaption><\/figure>\n<\/figure>\n\n\n\n<p><\/p>\n<\/div><\/div>\n\n\n<p><em style=\"font-family: 'Times New Roman'; color: inherit; font-size: 0.8em;\">NOTRE PENSION EST AGR\u00c9E SOUS LE NUM\u00c9RO HK40223837 COMME PENSION POUR CHIENS, CONFORM\u00c9MENT \u00c0 L\u2019ARR\u00caT\u00c9 ROYAL DU 27 AVRIL 2007.<\/em><\/p>\n<div class=\"et_pb_module et_pb_text et_pb_text_0 et_pb_bg_layout_light  et_pb_text_align_left\">\n<div class=\"et_pb_text_inner\">\n<h2><span style=\"color: #99cc00;\">Notre pension canine<\/span><\/h2>\n<\/div>\n<\/div>\n<div class=\"et_pb_module et_pb_text et_pb_text_2 et_pb_bg_layout_light  et_pb_text_align_left\">\n<div class=\"et_pb_text_inner\">\n<h5>C\u2019est dans un cadre calme et verdoyant que nous accueillons votre compagnon aux abords de la sortie 10 sur l\u2019E411.<\/h5>\n<h5>Notre pension, c\u2019est avant tout une passion pour les chiens et une envie de proposer un service sur mesure \u00e0 l\u2019\u00e9coute de vos compagnons \u00e0 quatre pattes.<\/h5>\n<h5>En tant que comportementalistes et \u00e9ducateurs canins, nous vous promettons de toujours respecter les besoins physiques et \u00e9motionnels de votre compagnon.<\/h5>\n<h5>Nous mettons \u00e0 disposition de spacieux boxes chauff\u00e9s en\u00a0hiver et a\u00e9r\u00e9s en \u00e9t\u00e9.<\/h5>\n<h5>Votre compagnon pourra donc se pr\u00e9lasser confortablement dans un endroit qui lui sera enti\u00e8rement privatif.<\/h5>\n<h5>Nous poss\u00e9dons 47 emplacements. 23 emplacements de 6m2 et 24 emplacements de 12m2 comprenant une courette ext\u00e9rieure.<\/h5>\n<h5>L\u2019hygi\u00e8ne, la qualit\u00e9 et le confort sont des exigences que nous nous engageons \u00e0 respecter.<\/h5>\n<h5>Notre pension poss\u00e8de \u00e9galement son propre v\u00e9t\u00e9rinaire afin d\u2019avoir un suivi s\u00e9curisant.<br \/>De plus, l\u2019endroit est nettoy\u00e9 et d\u00e9sinfect\u00e9 tous les jours afin d\u2019y pr\u00e9server l\u2019hygi\u00e8ne indispensable \u00e0 un s\u00e9jour agr\u00e9able.<\/h5>\n<h5><span style=\"color: #99cc00;\"><strong>Une pr\u00e9sence sur place est assur\u00e9e jour et nuit<\/strong><\/span><\/h5>\n<\/div>\n<\/div>\n<h5>Pour encore plus de plaisir, votre compagnon sera sorti en longe sur notre domaine de presque 3 hectares et sera l\u00e2ch\u00e9 dans l\u2019un de nos 10 enclos de d\u00e9foulement de 120m2.<\/h5>\n\n\n<div class=\"wp-block-media-text alignwide is-stacked-on-mobile\"><figure class=\"wp-block-media-text__media\"><video controls src=\"http:\/\/domainedeghanna.be\/wp-content\/uploads\/2020\/09\/10000000_2935956959855954_1989308908778094110_n.mp4\"><\/video><\/figure><div class=\"wp-block-media-text__content\">\n<p class=\"has-large-font-size\">Nous privil\u00e9gions autant les balades en longe qu&rsquo;en enclos de d\u00e9foulement.<\/p>\n<\/div><\/div>\n\n\n<h5>\u00a0<\/h5>\n<h5><strong><span style=\"color: #99cc00;\">Le tarif comprend entre 20 \u00e0 30 minutes de sorties, deux fois par jour.<\/span><br \/><\/strong><br \/>Une parcelle de verdure attendra toujours votre compagnon afin qu\u2019il puisse\u00a0se d\u00e9gourdir les pattes.<\/h5>\n<h5>Si vous d\u00e9sirez que votre chien b\u00e9n\u00e9ficie de sorties suppl\u00e9mentaires, nous vous demanderons un suppl\u00e9ment.<\/h5>\n<h5>Durant son s\u00e9jour, votre chien b\u00e9n\u00e9ficiera d\u2019une nourriture de qualit\u00e9.<br \/>En effet, nous avons d\u00e9cid\u00e9 de travailler avec Eukanuba, qui propose des croquettes poss\u00e8dant des ingr\u00e9dients aux b\u00e9n\u00e9fices cliniquement prouv\u00e9s.<\/h5>\n<h5>Si vous souhaitez apporter votre propre nourriture, cela est possible.<br \/>Nous poss\u00e9dons des cong\u00e9lateurs \u00e9galement au besoin.<br \/>Aucun suppl\u00e9ment ne vous sera demand\u00e9.<\/h5>\n<div class=\"et_pb_module et_pb_text et_pb_text_4 et_pb_bg_layout_light  et_pb_text_align_center\">\n<div class=\"et_pb_text_inner\">\n<h2>\u00a0<\/h2>\n<\/div>\n<\/div>","protected":false},"excerpt":{"rendered":"<p>NOTRE PENSION EST AGR\u00c9E SOUS LE NUM\u00c9RO HK40223837 COMME PENSION POUR CHIENS, CONFORM\u00c9MENT \u00c0 L\u2019ARR\u00caT\u00c9 ROYAL DU 27 AVRIL 2007. &hellip; <\/p>\n","protected":false},"author":2,"featured_media":0,"parent":0,"menu_order":0,"comment_status":"closed","ping_status":"closed","template":"","meta":{"footnotes":""},"class_list":["post-2149","page","type-page","status-publish","hentry"],"_links":{"self":[{"href":"https:\/\/domainedeghanna.be\/index.php\/wp-json\/wp\/v2\/pages\/2149","targetHints":{"allow":["GET"]}}],"collection":[{"href":"https:\/\/domainedeghanna.be\/index.php\/wp-json\/wp\/v2\/pages"}],"about":[{"href":"https:\/\/domainedeghanna.be\/index.php\/wp-json\/wp\/v2\/types\/page"}],"author":[{"embeddable":true,"href":"https:\/\/domainedeghanna.be\/index.php\/wp-json\/wp\/v2\/users\/2"}],"replies":[{"embeddable":true,"href":"https:\/\/domainedeghanna.be\/index.php\/wp-json\/wp\/v2\/comments?post=2149"}],"version-history":[{"count":8,"href":"https:\/\/domainedeghanna.be\/index.php\/wp-json\/wp\/v2\/pages\/2149\/revisions"}],"predecessor-version":[{"id":4504,"href":"https:\/\/domainedeghanna.be\/index.php\/wp-json\/wp\/v2\/pages\/2149\/revisions\/4504"}],"wp:attachment":[{"href":"https:\/\/domainedeghanna.be\/index.php\/wp-json\/wp\/v2\/media?parent=2149"}],"curies":[{"name":"wp","href":"https:\/\/api.w.org\/{rel}","templated":true}]}}