{"id":2096,"date":"2019-04-12T10:57:34","date_gmt":"2019-04-12T08:57:34","guid":{"rendered":"http:\/\/domainedeghanna.eu\/?page_id=2096"},"modified":"2021-10-29T09:36:37","modified_gmt":"2021-10-29T07:36:37","slug":"accueil","status":"publish","type":"page","link":"https:\/\/domainedeghanna.be\/","title":{"rendered":"Accueil"},"content":{"rendered":"<p>[et_pb_section fb_built=\u00a0\u00bb1&Prime; _builder_version=\u00a0\u00bb3.22.1&Prime; min_height=\u00a0\u00bb96px\u00a0\u00bb custom_padding=\u00a0\u00bb11px|||||\u00a0\u00bb][\/et_pb_section][et_pb_section fb_built=\u00a0\u00bb1&Prime; _builder_version=\u00a0\u00bb3.22.1&Prime; min_height=\u00a0\u00bb640px\u00a0\u00bb custom_margin=\u00a0\u00bb-100px|||||\u00a0\u00bb custom_padding=\u00a0\u00bb26px||0px|||\u00a0\u00bb][et_pb_row _builder_version=\u00a0\u00bb3.25&Prime; width=\u00a0\u00bb100%\u00a0\u00bb custom_margin=\u00a0\u00bb-35px|auto||auto||\u00a0\u00bb custom_padding=\u00a0\u00bb|0px|2px|||\u00a0\u00bb][et_pb_column type=\u00a0\u00bb4_4&Prime; _builder_version=\u00a0\u00bb3.25&Prime; custom_padding=\u00a0\u00bb|||\u00a0\u00bb custom_padding__hover=\u00a0\u00bb|||\u00a0\u00bb][et_pb_text _builder_version=\u00a0\u00bb3.27.4&Prime; text_font=\u00a0\u00bbTimes New Roman||||||||\u00a0\u00bb text_text_color=\u00a0\u00bb#bfbfbf\u00a0\u00bb text_font_size=\u00a0\u00bb22px\u00a0\u00bb text_line_height=\u00a0\u00bb2em\u00a0\u00bb background_color=\u00a0\u00bb#ffffff\u00a0\u00bb text_orientation=\u00a0\u00bbcenter\u00a0\u00bb min_height=\u00a0\u00bb9px\u00a0\u00bb custom_margin=\u00a0\u00bb-62px||-5px|||\u00a0\u00bb custom_padding=\u00a0\u00bb72px||0px|||\u00a0\u00bb border_width_bottom=\u00a0\u00bb3px\u00a0\u00bb border_color_bottom=\u00a0\u00bb#A4D46E\u00a0\u00bb inline_fonts=\u00a0\u00bbTimes New Roman\u00a0\u00bb]<\/p>\n<p><span style=\"font-size: medium;\"><span style=\"color: rgba(0, 0, 0, 0.73); font-weight: bold; font-family: 'Times New Roman';\">\u00a0 \u00a0 \u00a0 \u00a0 \u00a0Adresse :<\/span><\/span><span style=\"font-size: medium;\"><span style=\"color: #7f7f7f;\"> 2, Rue du pr\u00e9a 1457 Walhain<\/span><span style=\"font-family: 'Times New Roman'; font-weight: normal; color: #000000;\"><strong><span style=\"color: rgba(0, 0, 0, 0.73);\">\u00a0 \u00a0 \u00a0 \u00a0 \u00a0 \u00a0 \u00a0 \u00a0 <\/span><\/strong><\/span><\/span><span style=\"font-size: medium;\"><span style=\"font-family: 'Times New Roman'; font-weight: normal; color: #000000;\"><strong><span style=\"color: rgba(0, 0, 0, 0.73);\">\u00a0Contactez-nous au<\/span><\/strong><\/span> : <span style=\"color: #7f7f7f;\">+32 10 84 55 45\u00a0 \u00a0 \u00a0 \u00a0 \u00a0 \u00a0 \u00a0 \u00a0 \u00a0 \u00a0<\/span><span style=\"color: #7f7f7f;\"><span style=\"color: #666666;\"><b>E-mail<\/b><\/span><span style=\"color: #7f7f7f;\"><strong>\u00a0<\/strong>:\u00a0<\/span><\/span><span style=\"color: #a4d46e;\">info@domainedeghanna.be<\/span><\/span><\/p>\n<p>[\/et_pb_text][et_pb_social_media_follow _builder_version=\u00a0\u00bb3.22.1&Prime; width=\u00a0\u00bb100%\u00a0\u00bb min_height=\u00a0\u00bb34px\u00a0\u00bb custom_margin=\u00a0\u00bb-6px|1661px||||\u00a0\u00bb custom_padding=\u00a0\u00bb15px|116px|0px|3px||\u00a0\u00bb][et_pb_social_media_follow_network social_network=\u00a0\u00bbfacebook\u00a0\u00bb url=\u00a0\u00bbhttps:\/\/www.facebook.com\/domainedeghanna\/\u00a0\u00bb _builder_version=\u00a0\u00bb3.22.1&Prime; background_color=\u00a0\u00bb#3b5998&Prime; follow_button=\u00a0\u00bboff\u00a0\u00bb url_new_window=\u00a0\u00bbon\u00a0\u00bb]facebook[\/et_pb_social_media_follow_network][et_pb_social_media_follow_network social_network=\u00a0\u00bbgoogle-plus\u00a0\u00bb url=\u00a0\u00bbhttps:\/\/www.google.be\/search?source=hp&amp;ei=mn61XIeINs7ewAKqm7bwAw&amp;q=domaine+de+ghanna&amp;oq=dom&amp;gs_l=psy-ab.1.7.0l2j0i131j0j0i131j0j0i131j0l2j0i131.946.3617..4497&#8230;1.0..0.68.208.4&#8230;&#8230;0&#8230;.1..gws-wiz&#8230;..0.r6wdm3E9Mkg\u00a0\u00bb _builder_version=\u00a0\u00bb3.22.1&Prime; background_color=\u00a0\u00bb#dd4b39&Prime; follow_button=\u00a0\u00bboff\u00a0\u00bb url_new_window=\u00a0\u00bbon\u00a0\u00bb]google-plus[\/et_pb_social_media_follow_network][\/et_pb_social_media_follow][\/et_pb_column][\/et_pb_row][et_pb_row _builder_version=\u00a0\u00bb3.25&Prime; width=\u00a0\u00bb100%\u00a0\u00bb custom_margin=\u00a0\u00bb|170px||auto||\u00a0\u00bb custom_padding=\u00a0\u00bb0px||0px|||\u00a0\u00bb][et_pb_column type=\u00a0\u00bb4_4&Prime; _builder_version=\u00a0\u00bb3.25&Prime; custom_padding=\u00a0\u00bb|||\u00a0\u00bb custom_padding__hover=\u00a0\u00bb|||\u00a0\u00bb][et_pb_slider _builder_version=\u00a0\u00bb4.6.0&Prime; header_font=\u00a0\u00bb||||||||\u00a0\u00bb body_font=\u00a0\u00bb||||||||\u00a0\u00bb background_color=\u00a0\u00bb#6d6d6d\u00a0\u00bb width=\u00a0\u00bb100%\u00a0\u00bb min_height=\u00a0\u00bb554px\u00a0\u00bb custom_margin=\u00a0\u00bb1px|57px||||\u00a0\u00bb custom_padding=\u00a0\u00bb218px|||||\u00a0\u00bb hover_enabled=\u00a0\u00bb0&Prime; sticky_enabled=\u00a0\u00bb0&Prime;][et_pb_slide _builder_version=\u00a0\u00bb4.6.0&Prime; _module_preset=\u00a0\u00bbdefault\u00a0\u00bb background_video_mp4=\u00a0\u00bbhttp:\/\/domainedeghanna.be\/wp-content\/uploads\/2020\/09\/10000000_141372470987433_2757686713583257932_n-1.mp4&Prime; background_enable_video_mp4=\u00a0\u00bbon\u00a0\u00bb hover_enabled=\u00a0\u00bb0&Prime; sticky_transition=\u00a0\u00bbon\u00a0\u00bb sticky_enabled=\u00a0\u00bb0&Prime; title_text=\u00a0\u00bb10000000_141372470987433_2757686713583257932_n (1)\u00a0\u00bb][\/et_pb_slide][et_pb_slide heading=\u00a0\u00bbDe vraies vacances !\u00a0\u00bb button_text=\u00a0\u00bbNotre pension canine\u00a0\u00bb button_link=\u00a0\u00bbhttp:\/\/domainedeghanna.be\/index.php\/lenvironnement\/\u00a0\u00bb use_bg_overlay=\u00a0\u00bbon\u00a0\u00bb bg_overlay_color=\u00a0\u00bbrgba(0,0,0,0)\u00a0\u00bb use_text_overlay=\u00a0\u00bboff\u00a0\u00bb arrows_custom_color=\u00a0\u00bb#ffffff\u00a0\u00bb _builder_version=\u00a0\u00bb3.22.2&Prime; body_font=\u00a0\u00bb||||||||\u00a0\u00bb background_image=\u00a0\u00bbhttp:\/\/domainedeghanna.eu\/wp-content\/uploads\/2019\/04\/IMG_6440-1.jpg\u00a0\u00bb sticky_transition=\u00a0\u00bbon\u00a0\u00bb]<\/p>\n<p><em>Partez l&rsquo;esprit tranquille, nous nous occupons de votre compagnon !<\/em><\/p>\n<p>[\/et_pb_slide][et_pb_slide heading=\u00a0\u00bbDes s\u00e9ances d&rsquo;\u00e9ducation sur mesure\u00a0\u00bb button_text=\u00a0\u00bbNotre centre d&rsquo;\u00e9ducation\u00a0\u00bb button_link=\u00a0\u00bbhttp:\/\/domainedeghanna.be\/index.php\/seances-individuelles\/\u00a0\u00bb _builder_version=\u00a0\u00bb3.22.2&Prime; background_image=\u00a0\u00bbhttp:\/\/domainedeghanna.eu\/wp-content\/uploads\/2019\/04\/IMG_7943.jpg\u00a0\u00bb sticky_transition=\u00a0\u00bbon\u00a0\u00bb]<\/p>\n<p>Nous vous accompagnons dans toutes vos aventures canines !<\/p>\n<p>[\/et_pb_slide][et_pb_slide heading=\u00a0\u00bbDes soins adapt\u00e9s \u00e0 votre chien\u00a0\u00bb _builder_version=\u00a0\u00bb3.22.1&Prime; background_image=\u00a0\u00bbhttp:\/\/domainedeghanna.eu\/wp-content\/uploads\/2019\/04\/toilettage-du-chien-chien-full-12595493.jpg\u00a0\u00bb sticky_transition=\u00a0\u00bbon\u00a0\u00bb]<\/p>\n<p>Venez \u00e0 la rencontre de notre toiletteuse et de notre ost\u00e9opathe canin !<\/p>\n<p>[\/et_pb_slide][et_pb_slide heading=\u00a0\u00bbBassin naturel pour chiens\u00a0\u00bb button_text=\u00a0\u00bbD\u00e9couvrir\u00a0\u00bb button_link=\u00a0\u00bbhttp:\/\/domainedeghanna.be\/index.php\/notre-bassin\/\u00a0\u00bb _builder_version=\u00a0\u00bb4.6.0&Prime; header_font=\u00a0\u00bb||||||||\u00a0\u00bb background_image=\u00a0\u00bbhttp:\/\/domainedeghanna.be\/wp-content\/uploads\/2020\/08\/101255233_3018508518236768_2374222728266776576_o.jpg\u00a0\u00bb background_enable_image=\u00a0\u00bbon\u00a0\u00bb inline_fonts=\u00a0\u00bbTimes New Roman\u00a0\u00bb sticky_transition=\u00a0\u00bbon\u00a0\u00bb]<\/p>\n<p>Notre bassin ouvre ses portes de d\u00e9but juin \u00e0 mi-octobre pour profiter d\u2019un \u00e9t\u00e9 compl\u00e8tement WOUF\u00a0!<\/p>\n<p>[\/et_pb_slide][et_pb_slide heading=\u00a0\u00bbLe Bouvier des Flandres\u00a0\u00bb button_text=\u00a0\u00bbNotre philosophie\u00a0\u00bb button_link=\u00a0\u00bbhttp:\/\/domainedeghanna.be\/index.php\/une-passion\/\u00a0\u00bb _builder_version=\u00a0\u00bb3.22.2&Prime; background_image=\u00a0\u00bbhttp:\/\/domainedeghanna.eu\/wp-content\/uploads\/2019\/04\/46179163_1967346253353005_7066213403789885440_o.jpg\u00a0\u00bb background_position=\u00a0\u00bbtop_left\u00a0\u00bb sticky_transition=\u00a0\u00bbon\u00a0\u00bb]<\/p>\n<p><em>Avec beaucoup de passion et d\u2019attachement, nous tentons d\u2019offrir des chiots \u00e9quilibr\u00e9s<br \/>\n<\/em><em>avec un conseil personnalis\u00e9 quant au choix du temp\u00e9rament.\u00a0<\/em><\/p>\n<p>[\/et_pb_slide][\/et_pb_slider][\/et_pb_column][\/et_pb_row][\/et_pb_section]<\/p>\n","protected":false},"excerpt":{"rendered":"<p>[et_pb_section fb_built=\u00a0\u00bb1&Prime; _builder_version=\u00a0\u00bb3.22.1&Prime; min_height=\u00a0\u00bb96px\u00a0\u00bb custom_padding=\u00a0\u00bb11px|||||\u00a0\u00bb][\/et_pb_section][et_pb_section fb_built=\u00a0\u00bb1&Prime; _builder_version=\u00a0\u00bb3.22.1&Prime; min_height=\u00a0\u00bb640px\u00a0\u00bb custom_margin=\u00a0\u00bb-100px|||||\u00a0\u00bb custom_padding=\u00a0\u00bb26px||0px|||\u00a0\u00bb][et_pb_row _builder_version=\u00a0\u00bb3.25&Prime; width=\u00a0\u00bb100%\u00a0\u00bb custom_margin=\u00a0\u00bb-35px|auto||auto||\u00a0\u00bb custom_padding=\u00a0\u00bb|0px|2px|||\u00a0\u00bb][et_pb_column type=\u00a0\u00bb4_4&Prime; _builder_version=\u00a0\u00bb3.25&Prime; custom_padding=\u00a0\u00bb|||\u00a0\u00bb custom_padding__hover=\u00a0\u00bb|||\u00a0\u00bb][et_pb_text _builder_version=\u00a0\u00bb3.27.4&Prime; text_font=\u00a0\u00bbTimes &hellip; <\/p>\n","protected":false},"author":2,"featured_media":0,"parent":0,"menu_order":0,"comment_status":"closed","ping_status":"closed","template":"","meta":{"footnotes":""},"class_list":["post-2096","page","type-page","status-publish","hentry"],"_links":{"self":[{"href":"https:\/\/domainedeghanna.be\/index.php\/wp-json\/wp\/v2\/pages\/2096","targetHints":{"allow":["GET"]}}],"collection":[{"href":"https:\/\/domainedeghanna.be\/index.php\/wp-json\/wp\/v2\/pages"}],"about":[{"href":"https:\/\/domainedeghanna.be\/index.php\/wp-json\/wp\/v2\/types\/page"}],"author":[{"embeddable":true,"href":"https:\/\/domainedeghanna.be\/index.php\/wp-json\/wp\/v2\/users\/2"}],"replies":[{"embeddable":true,"href":"https:\/\/domainedeghanna.be\/index.php\/wp-json\/wp\/v2\/comments?post=2096"}],"version-history":[{"count":9,"href":"https:\/\/domainedeghanna.be\/index.php\/wp-json\/wp\/v2\/pages\/2096\/revisions"}],"predecessor-version":[{"id":4260,"href":"https:\/\/domainedeghanna.be\/index.php\/wp-json\/wp\/v2\/pages\/2096\/revisions\/4260"}],"wp:attachment":[{"href":"https:\/\/domainedeghanna.be\/index.php\/wp-json\/wp\/v2\/media?parent=2096"}],"curies":[{"name":"wp","href":"https:\/\/api.w.org\/{rel}","templated":true}]}}